{"id":104,"date":"2013-11-08T16:11:54","date_gmt":"2013-11-08T14:11:54","guid":{"rendered":"http:\/\/www.gedankenflug.eu\/wordpress\/?page_id=104"},"modified":"2022-04-07T14:23:30","modified_gmt":"2022-04-07T12:23:30","slug":"archiv-%e2%86%92-2012","status":"publish","type":"page","link":"https:\/\/www.gedankenflug.eu\/wordpress\/archiv\/archiv-%e2%86%92-2012\/","title":{"rendered":"Archiv \u2192 2012"},"content":{"rendered":"<p><q><strong>7 FRAUEN DR\u00dcCKEN ETWAS AUS<\/strong><\/q><strong>&nbsp;&#8211; FrauenDruckwerkstattPrenzlberg<\/strong><\/p>\n<div>\n<p>Barbara Arnold, Christine Fierke,<br \/>\nBarbara Galonska, Christa J. Heinrich,<br \/>\nBarbara Hoffmann, Christine R\u00e4ther<br \/>\nLyrik: Christine Kahlau<\/p>\n<p>Vernissage am Fr. 5. Oktober 2012 um 18 Uhr<br \/>\nLaudatio: Sabine Voerster<\/p>\nngg_shortcode_0_placeholder\n<p>Die sechs Frauen der seit vielen Jahren aktiven Frauen-Druckwerkstatt Prenzlberg und die Lyrikerin Christine Kahlau haben sich hier zu einer gemeinsamen Ausstellung zusammengefunden. Die Druckfrauen w\u00e4hlten f\u00fcr ihre Arbeiten Gedichte aus, zu denen sie einen pers\u00f6nlichen Bezug entwickeln konnten. Sie interpretieren diese Lyrik mit ihren grafischen Mitteln, jede auf ihre Weise, und bringen somit ihre ganz eigenen Erfahrungen in das Werk ein. Wir d\u00fcrfen gespannt sein auf die individuellen lyrischen und grafischen Ausdrucksformen der sieben Frauen.<\/p>\n<p>Sonntags\u00f6ffnung mit K\u00fcnstlergespr\u00e4chen<br \/>\nam 21. Oktober von 15-18 Uhr mit der<br \/>\nFrauenDruckwerkstatt und der Lyrikerin Ch.Kahlau<\/p>\n<p>Finissage mit Lesung am Fr. 26. Oktober um 17 Uhr Gedichte: Christine Kahlau, Musikalische Begleitung: Ruth Gr\u00fcnbaum &#8211; Fl\u00f6te<\/p>\n<p><cite>\u00a9 Ch. Kahlau<\/cite><\/p>\n<\/div>\n<p style=\"padding-bottom:30%;\">zur\u00fcck zu&nbsp;<a href=\"https:\/\/www.gedankenflug.eu\/wordpress\/?page_id=21\">Archiv<\/a><\/p>\n","protected":false},"excerpt":{"rendered":"<p>7 FRAUEN DR\u00dcCKEN ETWAS AUS&nbsp;&#8211; FrauenDruckwerkstattPrenzlberg Barbara Arnold, Christine Fierke, Barbara Galonska, Christa J. Heinrich, Barbara Hoffmann, Christine R\u00e4ther Lyrik: Christine Kahlau Vernissage am Fr. 5. Oktober 2012 um 18 Uhr Laudatio: Sabine Voerster Die sechs Frauen der seit vielen Jahren aktiven Frauen-Druckwerkstatt Prenzlberg und die Lyrikerin Christine Kahlau haben sich hier zu einer gemeinsamen [&hellip;]<\/p>\n","protected":false},"author":397,"featured_media":0,"parent":21,"menu_order":9,"comment_status":"open","ping_status":"open","template":"","meta":{"ngg_post_thumbnail":0,"footnotes":""},"class_list":["post-104","page","type-page","status-publish","hentry"],"_links":{"self":[{"href":"https:\/\/www.gedankenflug.eu\/wordpress\/wp-json\/wp\/v2\/pages\/104","targetHints":{"allow":["GET"]}}],"collection":[{"href":"https:\/\/www.gedankenflug.eu\/wordpress\/wp-json\/wp\/v2\/pages"}],"about":[{"href":"https:\/\/www.gedankenflug.eu\/wordpress\/wp-json\/wp\/v2\/types\/page"}],"author":[{"embeddable":true,"href":"https:\/\/www.gedankenflug.eu\/wordpress\/wp-json\/wp\/v2\/users\/397"}],"replies":[{"embeddable":true,"href":"https:\/\/www.gedankenflug.eu\/wordpress\/wp-json\/wp\/v2\/comments?post=104"}],"version-history":[{"count":18,"href":"https:\/\/www.gedankenflug.eu\/wordpress\/wp-json\/wp\/v2\/pages\/104\/revisions"}],"predecessor-version":[{"id":3772,"href":"https:\/\/www.gedankenflug.eu\/wordpress\/wp-json\/wp\/v2\/pages\/104\/revisions\/3772"}],"up":[{"embeddable":true,"href":"https:\/\/www.gedankenflug.eu\/wordpress\/wp-json\/wp\/v2\/pages\/21"}],"wp:attachment":[{"href":"https:\/\/www.gedankenflug.eu\/wordpress\/wp-json\/wp\/v2\/media?parent=104"}],"curies":[{"name":"wp","href":"https:\/\/api.w.org\/{rel}","templated":true}]}}