{"id":127,"date":"2013-11-20T18:43:46","date_gmt":"2013-11-20T16:43:46","guid":{"rendered":"http:\/\/www.gedankenflug.eu\/wordpress\/?page_id=127"},"modified":"2021-12-09T18:27:02","modified_gmt":"2021-12-09T16:27:02","slug":"lyrik","status":"publish","type":"page","link":"https:\/\/www.gedankenflug.eu\/wordpress\/lyrik\/","title":{"rendered":"Lyrik"},"content":{"rendered":"<p><strong>Ich stelle mir diese Website mehr wie eine Art Buch vor,<\/strong><br \/>\n<strong>bei dem der Leser, die Leserin zuerst den Einband sieht,<\/strong><br \/>\n<strong>dann die erste Seite aufschl\u00e4gt,&nbsp;die meistens leer ist,<\/strong><br \/>\n<strong>danach folgt die Seite mit Titel, VerfasserIn, Verlag&#8230;<\/strong><br \/>\n<strong>H\u00e4ufig gibt es eine Einf\u00fchrung oder ein Vorwort,<\/strong><br \/>\n<strong>manchmal auch ein Verzeichnis.<\/strong><\/p>\n<p><strong>Dann folgt der eigentliche Text, manchmal ist es ein Gedicht.<\/strong><br \/>\n<strong>Nun, hoffentlich neugierig geworden, liest man weiter&#8230;<\/strong><\/p>\n<p>&nbsp;<\/p>\n<p><a title=\"Sunday without me\" href=\"https:\/\/www.gedankenflug.eu\/wordpress\/?page_id=2194\" target=\"_blank\" rel=\"noopener\"><img loading=\"lazy\" decoding=\"async\" class=\"alignright wp-image-2279 size-full\" src=\"https:\/\/www.gedankenflug.eu\/wordpress\/wp-content\/uploads\/schirm-e1422810566745.jpg\" alt=\"\" width=\"40\" height=\"41\"><\/a><\/p>\n<p>This website is a kind of book where the reader sees the title first,<br \/>\nthen opens the first page which is often empty, and then the page with<br \/>\nthe title, author, publishing house.<br \/>\nOften there is a prologue, sometimes a list of contents.<\/p>\n<p>After that follows the text, the first poem.<br \/>\nAfter that the reader hopefully is curious enough to go on reading&#8230;<\/p>\n","protected":false},"excerpt":{"rendered":"<p>Ich stelle mir diese Website mehr wie eine Art Buch vor, bei dem der Leser, die Leserin zuerst den Einband sieht, dann die erste Seite aufschl\u00e4gt,&nbsp;die meistens leer ist, danach folgt die Seite mit Titel, VerfasserIn, Verlag&#8230; H\u00e4ufig gibt es eine Einf\u00fchrung oder ein Vorwort, manchmal auch ein Verzeichnis. Dann folgt der eigentliche Text, manchmal [&hellip;]<\/p>\n","protected":false},"author":397,"featured_media":0,"parent":0,"menu_order":3,"comment_status":"open","ping_status":"open","template":"","meta":{"ngg_post_thumbnail":0,"footnotes":""},"class_list":["post-127","page","type-page","status-publish","hentry"],"_links":{"self":[{"href":"https:\/\/www.gedankenflug.eu\/wordpress\/wp-json\/wp\/v2\/pages\/127","targetHints":{"allow":["GET"]}}],"collection":[{"href":"https:\/\/www.gedankenflug.eu\/wordpress\/wp-json\/wp\/v2\/pages"}],"about":[{"href":"https:\/\/www.gedankenflug.eu\/wordpress\/wp-json\/wp\/v2\/types\/page"}],"author":[{"embeddable":true,"href":"https:\/\/www.gedankenflug.eu\/wordpress\/wp-json\/wp\/v2\/users\/397"}],"replies":[{"embeddable":true,"href":"https:\/\/www.gedankenflug.eu\/wordpress\/wp-json\/wp\/v2\/comments?post=127"}],"version-history":[{"count":46,"href":"https:\/\/www.gedankenflug.eu\/wordpress\/wp-json\/wp\/v2\/pages\/127\/revisions"}],"predecessor-version":[{"id":3511,"href":"https:\/\/www.gedankenflug.eu\/wordpress\/wp-json\/wp\/v2\/pages\/127\/revisions\/3511"}],"wp:attachment":[{"href":"https:\/\/www.gedankenflug.eu\/wordpress\/wp-json\/wp\/v2\/media?parent=127"}],"curies":[{"name":"wp","href":"https:\/\/api.w.org\/{rel}","templated":true}]}}