{"id":135,"date":"2013-11-20T19:11:24","date_gmt":"2013-11-20T17:11:24","guid":{"rendered":"http:\/\/www.gedankenflug.eu\/wordpress\/?page_id=135"},"modified":"2021-12-09T18:28:01","modified_gmt":"2021-12-09T16:28:01","slug":"prosa","status":"publish","type":"page","link":"https:\/\/www.gedankenflug.eu\/wordpress\/prosa\/","title":{"rendered":"Prosa"},"content":{"rendered":"<p><strong>Die ersten Geschichten&nbsp;schrieb ich&nbsp;in der Kindheit auf.<\/strong><\/p>\n<p><strong>Es folgten sp\u00e4ter kleine Geschichten f\u00fcr meine Kinder.<\/strong><\/p>\n<p><strong>Mit der Prosaform versuche ich dem Gegenstand gerecht<\/strong><br><strong>zu werden bzw. dem&nbsp;Anlass. So gibt es Berichtendes zu f\u00fcr<\/strong><br><strong>mich wichtigen Ereignissen, Polemisches sowohl zu privatem<\/strong><br><strong>als auch gesellschaftlichem sowie M\u00e4rchenhaftes.<\/strong><\/p>\n<p><strong>Kinderbuch neben Romanidee, Filmstoff, Tageb\u00fccher,&nbsp;Fragmente&#8230;<\/strong><\/p>\n<p>&nbsp;<\/p>\n<p><a title=\"Projekte\" href=\"https:\/\/www.gedankenflug.eu\/wordpress\/?page_id=113\" target=\"_blank\" rel=\"noopener\"><img loading=\"lazy\" decoding=\"async\" class=\"alignright wp-image-2279 size-full\" src=\"https:\/\/www.gedankenflug.eu\/wordpress\/wp-content\/uploads\/schirm-e1422810566745.jpg\" alt=\"\" width=\"40\" height=\"41\"><\/a><\/p>\n<p>The first stories I wrote in my childhood.&nbsp;Later I wrote little stories for my children.<\/p>\n<p>With the art of prose I try to make the plot suitable.<br>I report about events important for me, controversies of private<br>or social matters and fairy tales.<\/p>\n<p>Children`s book, film ideas, diaries, fragments&#8230;<\/p>\n\n\n<p><em>translated by Marie Liertz<\/em><\/p>\n","protected":false},"excerpt":{"rendered":"<p>Die ersten Geschichten&nbsp;schrieb ich&nbsp;in der Kindheit auf. Es folgten sp\u00e4ter kleine Geschichten f\u00fcr meine Kinder. Mit der Prosaform versuche ich dem Gegenstand gerechtzu werden bzw. dem&nbsp;Anlass. So gibt es Berichtendes zu f\u00fcrmich wichtigen Ereignissen, Polemisches sowohl zu privatemals auch gesellschaftlichem sowie M\u00e4rchenhaftes. Kinderbuch neben Romanidee, Filmstoff, Tageb\u00fccher,&nbsp;Fragmente&#8230; &nbsp; The first stories I wrote in my [&hellip;]<\/p>\n","protected":false},"author":397,"featured_media":0,"parent":0,"menu_order":4,"comment_status":"open","ping_status":"open","template":"","meta":{"ngg_post_thumbnail":0,"footnotes":""},"class_list":["post-135","page","type-page","status-publish","hentry"],"_links":{"self":[{"href":"https:\/\/www.gedankenflug.eu\/wordpress\/wp-json\/wp\/v2\/pages\/135","targetHints":{"allow":["GET"]}}],"collection":[{"href":"https:\/\/www.gedankenflug.eu\/wordpress\/wp-json\/wp\/v2\/pages"}],"about":[{"href":"https:\/\/www.gedankenflug.eu\/wordpress\/wp-json\/wp\/v2\/types\/page"}],"author":[{"embeddable":true,"href":"https:\/\/www.gedankenflug.eu\/wordpress\/wp-json\/wp\/v2\/users\/397"}],"replies":[{"embeddable":true,"href":"https:\/\/www.gedankenflug.eu\/wordpress\/wp-json\/wp\/v2\/comments?post=135"}],"version-history":[{"count":35,"href":"https:\/\/www.gedankenflug.eu\/wordpress\/wp-json\/wp\/v2\/pages\/135\/revisions"}],"predecessor-version":[{"id":3512,"href":"https:\/\/www.gedankenflug.eu\/wordpress\/wp-json\/wp\/v2\/pages\/135\/revisions\/3512"}],"wp:attachment":[{"href":"https:\/\/www.gedankenflug.eu\/wordpress\/wp-json\/wp\/v2\/media?parent=135"}],"curies":[{"name":"wp","href":"https:\/\/api.w.org\/{rel}","templated":true}]}}