{"id":138,"date":"2013-11-20T19:12:52","date_gmt":"2013-11-20T17:12:52","guid":{"rendered":"http:\/\/www.gedankenflug.eu\/wordpress\/?page_id=138"},"modified":"2021-12-08T12:22:08","modified_gmt":"2021-12-08T10:22:08","slug":"werbendes","status":"publish","type":"page","link":"https:\/\/www.gedankenflug.eu\/wordpress\/werbendes\/","title":{"rendered":"Werbendes"},"content":{"rendered":"<p><img loading=\"lazy\" decoding=\"async\" class=\"alignright size-full wp-image-63\" style=\"padding-right: 20px; float: right;\" src=\"https:\/\/www.gedankenflug.eu\/wordpress\/wp-content\/uploads\/wegwarte.jpg\" alt=\"wegwarte\" width=\"200\" height=\"346\" srcset=\"https:\/\/www.gedankenflug.eu\/wordpress\/wp-content\/uploads\/wegwarte.jpg 200w, https:\/\/www.gedankenflug.eu\/wordpress\/wp-content\/uploads\/wegwarte-173x300.jpg 173w\" sizes=\"auto, (max-width: 200px) 100vw, 200px\" \/>Hier finden Sie Programme und Lesungen, die gebucht werden k\u00f6nnen.<\/p>\n<p>Ver\u00f6ffentlichungen von Christine Kahlau wie Gedichtb\u00e4nde und CDs.<\/p>\n<p>Und es gibt einige Texte von Anderen zur Autorin und ihren Ver\u00f6ffentlichungen.<\/p>\n<p>&nbsp;<\/p>\n<p>&nbsp;<\/p>\n<p><img loading=\"lazy\" decoding=\"async\" class=\"alignright wp-image-2279 size-full\" src=\"https:\/\/www.gedankenflug.eu\/wordpress\/wp-content\/uploads\/schirm-e1422810566745.jpg\" alt=\"\" width=\"40\" height=\"41\"><\/p>\n<p>Here you can find programs and readings that can be booked.<\/p>\n<p>Publications by Christine Kahlau like poetry books and CDs.<\/p>\n<p>And there are some texts by others concerning the author and her publications.<\/p>\n<div>&nbsp;<\/div>\n","protected":false},"excerpt":{"rendered":"<p>Hier finden Sie Programme und Lesungen, die gebucht werden k\u00f6nnen. Ver\u00f6ffentlichungen von Christine Kahlau wie Gedichtb\u00e4nde und CDs. Und es gibt einige Texte von Anderen zur Autorin und ihren Ver\u00f6ffentlichungen. &nbsp; &nbsp; Here you can find programs and readings that can be booked. Publications by Christine Kahlau like poetry books and CDs. And there are [&hellip;]<\/p>\n","protected":false},"author":397,"featured_media":0,"parent":0,"menu_order":6,"comment_status":"open","ping_status":"open","template":"","meta":{"ngg_post_thumbnail":0,"footnotes":""},"class_list":["post-138","page","type-page","status-publish","hentry"],"_links":{"self":[{"href":"https:\/\/www.gedankenflug.eu\/wordpress\/wp-json\/wp\/v2\/pages\/138","targetHints":{"allow":["GET"]}}],"collection":[{"href":"https:\/\/www.gedankenflug.eu\/wordpress\/wp-json\/wp\/v2\/pages"}],"about":[{"href":"https:\/\/www.gedankenflug.eu\/wordpress\/wp-json\/wp\/v2\/types\/page"}],"author":[{"embeddable":true,"href":"https:\/\/www.gedankenflug.eu\/wordpress\/wp-json\/wp\/v2\/users\/397"}],"replies":[{"embeddable":true,"href":"https:\/\/www.gedankenflug.eu\/wordpress\/wp-json\/wp\/v2\/comments?post=138"}],"version-history":[{"count":33,"href":"https:\/\/www.gedankenflug.eu\/wordpress\/wp-json\/wp\/v2\/pages\/138\/revisions"}],"predecessor-version":[{"id":3497,"href":"https:\/\/www.gedankenflug.eu\/wordpress\/wp-json\/wp\/v2\/pages\/138\/revisions\/3497"}],"wp:attachment":[{"href":"https:\/\/www.gedankenflug.eu\/wordpress\/wp-json\/wp\/v2\/media?parent=138"}],"curies":[{"name":"wp","href":"https:\/\/api.w.org\/{rel}","templated":true}]}}