{"id":148,"date":"2013-11-20T20:39:18","date_gmt":"2013-11-20T18:39:18","guid":{"rendered":"http:\/\/www.gedankenflug.eu\/wordpress\/?page_id=148"},"modified":"2015-01-13T16:31:53","modified_gmt":"2015-01-13T14:31:53","slug":"lyrik","status":"publish","type":"page","link":"https:\/\/www.gedankenflug.eu\/wordpress\/lyrik\/lyrik\/","title":{"rendered":"Abh\u00f6rstation Teufelsberg"},"content":{"rendered":"<p>mitten in der Stille des Waldes, in<br \/>\neinem stummen Winkel Berlins<br \/>\nthronte mal in der Hightech-Kuppel<br \/>\n\u00fcber allen K\u00f6pfen der Stadt<br \/>\nhinweg, das Gro\u00dfe Ohr<br \/>\nlauschend an den Mund<br \/>\nder \u00fcbrigen Welt gelegt<\/p>\n<p>&nbsp;<br \/>\nheute legt diese einstige Wirkst\u00e4tte<br \/>\nder kalten Krieger, Zeugnis ab<br \/>\nvon der Verg\u00e4nglichkeit allen<br \/>\nmenschlichen Strebens<\/p>\n<p>&nbsp;<br \/>\nvon hier aus l\u00e4sst sich jetzt, den<br \/>\nV\u00f6geln gleich, \u00fcber alle<br \/>\nZw\u00e4nge und Z\u00e4une hinweg<br \/>\nSchall \u00fcbertragend das Leben besingen<\/p>\n<p>&nbsp;<\/p>\n<p>2011<\/p>\n<p><img loading=\"lazy\" decoding=\"async\" src=\"http:\/\/vg05.met.vgwort.de\/na\/1db3de03e9fd4d0b9c123cb837bc40f8\" width=\"1\" height=\"1\" alt=\"\"><\/p>\n","protected":false},"excerpt":{"rendered":"<p>mitten in der Stille des Waldes, in einem stummen Winkel Berlins thronte mal in der Hightech-Kuppel \u00fcber allen K\u00f6pfen der Stadt hinweg, das Gro\u00dfe Ohr lauschend an den Mund der \u00fcbrigen Welt gelegt &nbsp; heute legt diese einstige Wirkst\u00e4tte der kalten Krieger, Zeugnis ab von der Verg\u00e4nglichkeit allen menschlichen Strebens &nbsp; von hier aus l\u00e4sst [&hellip;]<\/p>\n","protected":false},"author":397,"featured_media":0,"parent":127,"menu_order":2,"comment_status":"open","ping_status":"open","template":"","meta":{"ngg_post_thumbnail":0,"footnotes":""},"class_list":["post-148","page","type-page","status-publish","hentry"],"_links":{"self":[{"href":"https:\/\/www.gedankenflug.eu\/wordpress\/wp-json\/wp\/v2\/pages\/148","targetHints":{"allow":["GET"]}}],"collection":[{"href":"https:\/\/www.gedankenflug.eu\/wordpress\/wp-json\/wp\/v2\/pages"}],"about":[{"href":"https:\/\/www.gedankenflug.eu\/wordpress\/wp-json\/wp\/v2\/types\/page"}],"author":[{"embeddable":true,"href":"https:\/\/www.gedankenflug.eu\/wordpress\/wp-json\/wp\/v2\/users\/397"}],"replies":[{"embeddable":true,"href":"https:\/\/www.gedankenflug.eu\/wordpress\/wp-json\/wp\/v2\/comments?post=148"}],"version-history":[{"count":17,"href":"https:\/\/www.gedankenflug.eu\/wordpress\/wp-json\/wp\/v2\/pages\/148\/revisions"}],"predecessor-version":[{"id":2267,"href":"https:\/\/www.gedankenflug.eu\/wordpress\/wp-json\/wp\/v2\/pages\/148\/revisions\/2267"}],"up":[{"embeddable":true,"href":"https:\/\/www.gedankenflug.eu\/wordpress\/wp-json\/wp\/v2\/pages\/127"}],"wp:attachment":[{"href":"https:\/\/www.gedankenflug.eu\/wordpress\/wp-json\/wp\/v2\/media?parent=148"}],"curies":[{"name":"wp","href":"https:\/\/api.w.org\/{rel}","templated":true}]}}