{"id":157,"date":"2013-11-20T20:49:04","date_gmt":"2013-11-20T18:49:04","guid":{"rendered":"http:\/\/www.gedankenflug.eu\/wordpress\/?page_id=157"},"modified":"2015-01-13T16:24:50","modified_gmt":"2015-01-13T14:24:50","slug":"157-2","status":"publish","type":"page","link":"https:\/\/www.gedankenflug.eu\/wordpress\/lyrik\/157-2\/","title":{"rendered":"Mira die Sch\u00f6ne"},"content":{"rendered":"<p>da stand sie, unverhofft am Wegesrand<br \/>\nangetan in ihren verschieden farbigen Kleidchen<\/p>\n<p>dereinst hingepflanzt von kundiger Hand<br \/>\nden Feldrand zu s\u00e4umen und die<br \/>\nM\u00e4gen zu f\u00fcllen, der Flei\u00dfigen wie der Faulen<\/p>\n<p>von Baum zu Baum, von Frucht zu Frucht<br \/>\ngenie\u00dferisch taumelnd, der unterschiedlichen Gen\u00fcsse wegen<br \/>\nfiel ich schlie\u00dflich in diesen hier, nur<br \/>\num seinem vollendeten Geschmack zu erliegen<\/p>\n<p>vor Trunkenheit zitternd, wie eine Hummel<br \/>\nvom allers\u00fc\u00dfesten Saft, findest Du mich <\/p>\n<p>bei den orangefarbenen Mirabellen<\/p>\n<p>&nbsp;<\/p>\n<p>2009<\/p>\n<p><img loading=\"lazy\" decoding=\"async\" src=\"http:\/\/vg05.met.vgwort.de\/na\/ba01a05613f74b808537a70456bc7a89\" width=\"1\" height=\"1\" alt=\"\"><\/p>\n","protected":false},"excerpt":{"rendered":"<p>da stand sie, unverhofft am Wegesrand angetan in ihren verschieden farbigen Kleidchen dereinst hingepflanzt von kundiger Hand den Feldrand zu s\u00e4umen und die M\u00e4gen zu f\u00fcllen, der Flei\u00dfigen wie der Faulen von Baum zu Baum, von Frucht zu Frucht genie\u00dferisch taumelnd, der unterschiedlichen Gen\u00fcsse wegen fiel ich schlie\u00dflich in diesen hier, nur um seinem vollendeten [&hellip;]<\/p>\n","protected":false},"author":397,"featured_media":0,"parent":127,"menu_order":3,"comment_status":"open","ping_status":"open","template":"","meta":{"ngg_post_thumbnail":0,"footnotes":""},"class_list":["post-157","page","type-page","status-publish","hentry"],"_links":{"self":[{"href":"https:\/\/www.gedankenflug.eu\/wordpress\/wp-json\/wp\/v2\/pages\/157","targetHints":{"allow":["GET"]}}],"collection":[{"href":"https:\/\/www.gedankenflug.eu\/wordpress\/wp-json\/wp\/v2\/pages"}],"about":[{"href":"https:\/\/www.gedankenflug.eu\/wordpress\/wp-json\/wp\/v2\/types\/page"}],"author":[{"embeddable":true,"href":"https:\/\/www.gedankenflug.eu\/wordpress\/wp-json\/wp\/v2\/users\/397"}],"replies":[{"embeddable":true,"href":"https:\/\/www.gedankenflug.eu\/wordpress\/wp-json\/wp\/v2\/comments?post=157"}],"version-history":[{"count":13,"href":"https:\/\/www.gedankenflug.eu\/wordpress\/wp-json\/wp\/v2\/pages\/157\/revisions"}],"predecessor-version":[{"id":2262,"href":"https:\/\/www.gedankenflug.eu\/wordpress\/wp-json\/wp\/v2\/pages\/157\/revisions\/2262"}],"up":[{"embeddable":true,"href":"https:\/\/www.gedankenflug.eu\/wordpress\/wp-json\/wp\/v2\/pages\/127"}],"wp:attachment":[{"href":"https:\/\/www.gedankenflug.eu\/wordpress\/wp-json\/wp\/v2\/media?parent=157"}],"curies":[{"name":"wp","href":"https:\/\/api.w.org\/{rel}","templated":true}]}}