{"id":1742,"date":"2014-03-02T16:01:17","date_gmt":"2014-03-02T14:01:17","guid":{"rendered":"http:\/\/www.gedankenflug.eu\/wordpress\/?page_id=1742"},"modified":"2021-12-05T23:01:35","modified_gmt":"2021-12-05T21:01:35","slug":"die-bilder-meiner-mutter","status":"publish","type":"page","link":"https:\/\/www.gedankenflug.eu\/wordpress\/projekte\/ausstellungen\/die-bilder-meiner-mutter\/","title":{"rendered":"Die Bilder meiner Mutter"},"content":{"rendered":"<p>Mit der Ausstellung &#8222;Zeit totschlagen&#8220; 2005, in der Galerie &#8222;Kuckucksnest&#8220;, in Prenzlauer Berg, endete eine Serie von Ausstellungen, bei denen ich die Bilder meiner Mutter Hildegard Frank aus stellte. Sie war Schauspielerin, die vor allem in den freien Zeiten zwischen ihren Theaterengagements (davon gab es etliche) Bilder malte. So entstanden zwischen 1956 und 1980 etwa 80 haupts\u00e4chlich in \u00d6l&nbsp;gemalte Bilder. Lange Zeit waren die Werke der Autodidaktin nur einem kleinen Kreis von Menschen bekannt. Die erste Einzelausstellung organisierte ich 2000 in der Prignitz, in der Kirche von Netzeband. 2002 folgte eine Ausstellung in der Kirche in Petzow. Ein Teil der Bilder befindet sich seit vielen Jahren im Hause des Bruders meiner Mutter, in Bayern, woher sie selbst stammte. 1982 verstarb meine Mutter nach langer, schwerer Krankheit in Berlin, Prenzlauer Berg.<\/p>\nngg_shortcode_0_placeholder\n<p>&nbsp;<\/p>\n<p>Au\u00dferdem bearbeitete ich einen Teil der unver\u00f6ffentlichten Texte meiner Mutter und stellte Teile davon im Rahmen der Ausstellungen vor.<br \/>\nWarum dieses Projekt?<br \/>\nDiese Arbeit bedeutet f\u00fcr mich &#8211; neben dem Interesse und der Freude an den hinterlassenen Kunstwerken, wichtige pers\u00f6nliche Erinnerungsarbeit. Dazu geh\u00f6rt die Aufarbeitung famili\u00e4rer Lebensgeschichte vor dem Hintergrund damaliger politischer und kultureller Ereignisse w\u00e4hrend der Nachkriegszeit im geteilten Deutschland.<br \/>\n&nbsp;<br \/>\n&nbsp;<\/p>\n<p>zur\u00fcck zu&nbsp;<a title=\"Ausstellungen\" href=\"https:\/\/www.gedankenflug.eu\/wordpress\/?page_id=1619\">Ausstellungen<\/a><br \/>\n&nbsp;<br \/>\n&nbsp;<br \/>\n&nbsp;<br \/>\n&nbsp;<\/p>\n","protected":false},"excerpt":{"rendered":"<p>Mit der Ausstellung &#8222;Zeit totschlagen&#8220; 2005, in der Galerie &#8222;Kuckucksnest&#8220;, in Prenzlauer Berg, endete eine Serie von Ausstellungen, bei denen ich die Bilder meiner Mutter Hildegard Frank aus stellte. Sie war Schauspielerin, die vor allem in den freien Zeiten zwischen ihren Theaterengagements (davon gab es etliche) Bilder malte. So entstanden zwischen 1956 und 1980 etwa [&hellip;]<\/p>\n","protected":false},"author":397,"featured_media":0,"parent":1619,"menu_order":2,"comment_status":"open","ping_status":"open","template":"","meta":{"ngg_post_thumbnail":0,"footnotes":""},"class_list":["post-1742","page","type-page","status-publish","hentry"],"_links":{"self":[{"href":"https:\/\/www.gedankenflug.eu\/wordpress\/wp-json\/wp\/v2\/pages\/1742","targetHints":{"allow":["GET"]}}],"collection":[{"href":"https:\/\/www.gedankenflug.eu\/wordpress\/wp-json\/wp\/v2\/pages"}],"about":[{"href":"https:\/\/www.gedankenflug.eu\/wordpress\/wp-json\/wp\/v2\/types\/page"}],"author":[{"embeddable":true,"href":"https:\/\/www.gedankenflug.eu\/wordpress\/wp-json\/wp\/v2\/users\/397"}],"replies":[{"embeddable":true,"href":"https:\/\/www.gedankenflug.eu\/wordpress\/wp-json\/wp\/v2\/comments?post=1742"}],"version-history":[{"count":25,"href":"https:\/\/www.gedankenflug.eu\/wordpress\/wp-json\/wp\/v2\/pages\/1742\/revisions"}],"predecessor-version":[{"id":3433,"href":"https:\/\/www.gedankenflug.eu\/wordpress\/wp-json\/wp\/v2\/pages\/1742\/revisions\/3433"}],"up":[{"embeddable":true,"href":"https:\/\/www.gedankenflug.eu\/wordpress\/wp-json\/wp\/v2\/pages\/1619"}],"wp:attachment":[{"href":"https:\/\/www.gedankenflug.eu\/wordpress\/wp-json\/wp\/v2\/media?parent=1742"}],"curies":[{"name":"wp","href":"https:\/\/api.w.org\/{rel}","templated":true}]}}