{"id":183,"date":"2013-11-20T21:35:16","date_gmt":"2013-11-20T19:35:16","guid":{"rendered":"http:\/\/www.gedankenflug.eu\/wordpress\/?page_id=183"},"modified":"2022-04-07T14:28:23","modified_gmt":"2022-04-07T12:28:23","slug":"lesungenprogramme","status":"publish","type":"page","link":"https:\/\/www.gedankenflug.eu\/wordpress\/werbendes\/lesungenprogramme\/","title":{"rendered":"Lesungen\/Programme"},"content":{"rendered":"<p>Lesungen meiner <a title=\"Lyrik\" href=\"https:\/\/www.gedankenflug.eu\/wordpress\/?page_id=127\" target=\"_blank\" rel=\"noopener\">Gedichte<\/a>, die von mir als festes Programm<br \/>\noder inhaltlich&nbsp;aktuell&nbsp;zum Anlass und Ort<br \/>\nder Veranstaltung&nbsp;zusammen gestellt werden,<br \/>\nmit einer dazu passenden musikalischen Begleitung,<br \/>\nzeitlich variierend zwischen 30 und 80 Minuten<br \/>\n(wenn gew\u00fcnscht auch k\u00fcrzer oder l\u00e4nger).<\/p>\n<p>Honorar in der Regel verhandelbar<\/p>\n<p>&nbsp;<\/p>\n<h3><span style=\"color: #000000;\">Lyrik &amp; Laute<\/span><\/h3>\n<p>Olaf Garbow begegnete ich Anfang der 2000er Jahre<br \/>\nin einem Nachbarschaftstreff, in Sch\u00f6neberg.<br \/>\nAls Olaf h\u00f6rte, da\u00df ich Gedichte schreibe und<br \/>\nLesungen mit Musik organisiere, fragte er mich,<br \/>\ndass wir mal es mal miteinander probieren k\u00f6nnten.<br \/>\nIch fand den Vorschlag interessant.<\/p>\n<p>Seit dieser Zeit traten wir an den unterschiedlichsten Orten<br \/>\nauf. Dabei blieb es f\u00fcr mich immer wieder spannend zu<br \/>\nerleben, auf welche Weise Olaf musikalisch&nbsp;auf das von mir<br \/>\nGelesene reagierte, jedes Mal etwas anders, aber immer<br \/>\nsehr einf\u00fchlsam, sehr virtuos und f\u00fcr mich immer wieder \u00fcberraschend.<\/p>\nngg_shortcode_0_placeholder\n<p><a href=\"https:\/\/www.gedankenflug.eu\/wordpress\/wp-content\/uploads\/Interview-Teil-4.mp3\" target=\"_blank\" rel=\"noopener\">Interview-Ausschnitt, Nov. 2014 bei OkBeat<\/a><\/p>\n<p><a title=\"Sonntag ohne mich\" href=\"https:\/\/www.gedankenflug.eu\/wordpress\/?page_id=162\" target=\"_blank\" rel=\"noopener\"><img loading=\"lazy\" decoding=\"async\" class=\"aligncenter wp-image-2372 size-full\" src=\"https:\/\/www.gedankenflug.eu\/wordpress\/wp-content\/uploads\/Loudspeaker-e1426355353502.jpg\" alt=\"Loudspeaker\" width=\"40\" height=\"25\"><\/a><\/p>\n<p>zur\u00fcck zu &nbsp;<a title=\"Werbendes\" href=\"https:\/\/www.gedankenflug.eu\/wordpress\/?page_id=138\">Werbendes<\/a><\/p>\n<p>&nbsp;<\/p>\n<h3><span style=\"color: #000000;\">Olaf Garbow<\/span><\/h3>\n<p>Geboren in Bremen, Blindenschule in Hamburg, Marburg,<\/p>\n<p>1992 Umzug nach Berlin, 1996 Ausbildung zum Musiktherapeuten,<\/p>\n<p>2011 Ausbildung zum Masseur. Spielt seit Jahren bei<br \/>\nverschiedenen&nbsp;Musikformationen, u.a. \u201eStromlos\u201c und \u201eLautmaler\u201c.<br \/>\nAuftritte bei Theaterprojekten, so bei \u201eHau\u201c im<br \/>\nTheater \u201eHebbel am Ufer\u201c,&nbsp;\u201eRamba Zamba\u201c u.a..<\/p>\n<p>Spielt unz\u00e4hlige Instrumente: u.a. Gitarre, Maultrommel,<br \/>\nRahmentrommel,&nbsp;Tasteninstrumente sowie Gesang.<\/p>\n<p>Olaf Garbow tritt u.a. auf bei Musikfestivals der Folkszene<br \/>\nund zu den Liedertagen in Boltenhagen.<\/p>\n<p><strong>Kontakt: 030\/79 34 309<\/strong><\/p>\n<p>&nbsp;<\/p>\n<p style=\"text-align: center;\"><img loading=\"lazy\" decoding=\"async\" class=\"size-medium wp-image-478 aligncenter\" style=\"padding-right: 20px;\" src=\"https:\/\/www.gedankenflug.eu\/wordpress\/wp-content\/uploads\/Olaf_mit-Trommel_DSC_0044-300x199.jpg\" alt=\"Olaf_mit-Trommel_DSC_0044\" width=\"300\" height=\"199\" srcset=\"https:\/\/www.gedankenflug.eu\/wordpress\/wp-content\/uploads\/Olaf_mit-Trommel_DSC_0044-300x199.jpg 300w, https:\/\/www.gedankenflug.eu\/wordpress\/wp-content\/uploads\/Olaf_mit-Trommel_DSC_0044-1024x680.jpg 1024w\" sizes=\"auto, (max-width: 300px) 100vw, 300px\" \/><\/p>\n<p style=\"text-align: center;\">&nbsp;<\/p>\n<h3><span style=\"color: #000000;\">Eines unserer Programme: 7 Tage in China<\/span><\/h3>\n<p>Im September 2004 ergab sich f\u00fcr mich die Gelegenheit einer Reise nach China, in die Provinz Hunan (Zentral-China) und nach Beijing. Ich nahm teil an der Er\u00f6ffnung des Tourismus-Festivals in Changsha City. Bei dieser Gelegenheit wurde uns eine Vielzahl von Sehensw\u00fcrdigkeiten gezeigt, wozu ein dreit\u00e4giger Aufenthalt inmitten der zauberhaften Berglandschaft des Zhangjiajie- Nationalparks geh\u00f6rte. Zudem gab es einige offizielle Begegnungen mit f\u00fchrenden Pers\u00f6nlichkeiten Hunans &#8211; aus der Tourismusbranche. Unsere Gruppe bestand haupts\u00e4chlich aus Teilnehmern aus Hessen &#8211; der Partnergemeinde von Hunan. In der Region wurden wir sowohl von ortskundigen Reisef\u00fchrern wie auch einigen, sich unauff\u00e4llig gebenden Herren begleitet. Beeindruckend waren der Service und das Bem\u00fchen unserer Gastgeber um unser pers\u00f6nliches Wohl. Dieser Aufenthalt mit all seinen Widerspr\u00fcchlichkeiten hat bei mir das Interesse f\u00fcr China geweckt und dabei mehr Fragen hinterlassen als beantwortet.<\/p>\n<div>\n<p>Die hier vorgestellten Gedichte sind ein Konzentrat meiner Eindr\u00fccke und geben diese in der Reihenfolge meiner Reisestationen wieder. Olaf Garbow begleitet mich dazu auf seiner Maultrommel, einer Zimbel und der Leier. Er schafft damit zu den assoziativen Bildern dieser uns doch fremdartig anmutenden Wirklichkeit ein faszinierend stimmiges Klangerlebnis.<\/p>\n<p>Das Programm dauert etwa 25 Minuten<\/p>\n<\/div>\n<p>&nbsp;<\/p>\n<p>&nbsp;<\/p>\n<p style=\"position: absolute; left: 5.6em; padding-bottom: 30%;\">zur\u00fcck zu&nbsp;<a title=\"Werbendes\" href=\"https:\/\/www.gedankenflug.eu\/wordpress\/?page_id=138\">Werbendes<\/a><\/p>\n","protected":false},"excerpt":{"rendered":"<p>Lesungen meiner Gedichte, die von mir als festes Programm oder inhaltlich&nbsp;aktuell&nbsp;zum Anlass und Ort der Veranstaltung&nbsp;zusammen gestellt werden, mit einer dazu passenden musikalischen Begleitung, zeitlich variierend zwischen 30 und 80 Minuten (wenn gew\u00fcnscht auch k\u00fcrzer oder l\u00e4nger). Honorar in der Regel verhandelbar &nbsp; Lyrik &amp; Laute Olaf Garbow begegnete ich Anfang der 2000er Jahre in [&hellip;]<\/p>\n","protected":false},"author":397,"featured_media":0,"parent":138,"menu_order":1,"comment_status":"open","ping_status":"open","template":"","meta":{"ngg_post_thumbnail":0,"footnotes":""},"class_list":["post-183","page","type-page","status-publish","hentry"],"_links":{"self":[{"href":"https:\/\/www.gedankenflug.eu\/wordpress\/wp-json\/wp\/v2\/pages\/183","targetHints":{"allow":["GET"]}}],"collection":[{"href":"https:\/\/www.gedankenflug.eu\/wordpress\/wp-json\/wp\/v2\/pages"}],"about":[{"href":"https:\/\/www.gedankenflug.eu\/wordpress\/wp-json\/wp\/v2\/types\/page"}],"author":[{"embeddable":true,"href":"https:\/\/www.gedankenflug.eu\/wordpress\/wp-json\/wp\/v2\/users\/397"}],"replies":[{"embeddable":true,"href":"https:\/\/www.gedankenflug.eu\/wordpress\/wp-json\/wp\/v2\/comments?post=183"}],"version-history":[{"count":26,"href":"https:\/\/www.gedankenflug.eu\/wordpress\/wp-json\/wp\/v2\/pages\/183\/revisions"}],"predecessor-version":[{"id":3776,"href":"https:\/\/www.gedankenflug.eu\/wordpress\/wp-json\/wp\/v2\/pages\/183\/revisions\/3776"}],"up":[{"embeddable":true,"href":"https:\/\/www.gedankenflug.eu\/wordpress\/wp-json\/wp\/v2\/pages\/138"}],"wp:attachment":[{"href":"https:\/\/www.gedankenflug.eu\/wordpress\/wp-json\/wp\/v2\/media?parent=183"}],"curies":[{"name":"wp","href":"https:\/\/api.w.org\/{rel}","templated":true}]}}