{"id":207,"date":"2013-11-20T22:49:16","date_gmt":"2013-11-20T20:49:16","guid":{"rendered":"http:\/\/www.gedankenflug.eu\/wordpress\/?page_id=207"},"modified":"2021-12-09T23:56:43","modified_gmt":"2021-12-09T21:56:43","slug":"publikationen","status":"publish","type":"page","link":"https:\/\/www.gedankenflug.eu\/wordpress\/werbendes\/programmelesungen\/publikationen\/","title":{"rendered":"CD&#8217;s"},"content":{"rendered":"<h3><\/h3>\n<h2 class=\"has-black-color has-text-color wp-block-heading\">&#8222;Schlaf kleiner B\u00e4r&#8220;<\/h2>\n<h3> <\/h3>\n<h3 class=\"has-black-color has-text-color wp-block-heading\">P\u00fcnktlich zur Weihnachtszeit 2020 gibt es die Kinder-Schlaflieder-CD &#8222;Schlaf kleiner B\u00e4r&#8220;<\/h3>\n<h3> <\/h3>\n<h3 class=\"has-black-color has-text-color wp-block-heading\"><strong>Musik und Produktion: <em>Holger Bey<\/em><\/strong>\n<strong>gesungen und gesprochen von 9 verschiedenen InterpretInnen, darunter die Kinder <em>Ilja und Lisbeth\n<\/em>Covergestaltung von <em>Kerstin Reichelt\n<\/em><\/strong>\n<strong>mit 8 Texten von <em>Christine Kahlau<\/em><\/strong>\n&nbsp;<\/h3>\n<h3> <\/h3>\n<h4 class=\"has-black-color has-text-color wp-block-heading\">Kontakt f\u00fcr die Bestellung: holgerbey@web.de\nKosten: 10 \u20ac + Versand<\/h4>\n<h3> <\/h3>\n<figure class=\"wp-block-audio\"><audio src=\"https:\/\/www.gedankenflug.eu\/wordpress\/wp-content\/uploads\/SchlafkleinerBaerDEMO2Min-1.mp3\" controls=\"controls\" data-mce-fragment=\"1\"><\/audio><\/figure>\n<h3> <\/h3>\n&nbsp;\n<h3> <\/h3>\n<figure class=\"wp-block-image is-resized\"><img loading=\"lazy\" decoding=\"async\" class=\"wp-image-3077\" src=\"https:\/\/www.gedankenflug.eu\/wordpress\/wp-content\/uploads\/20201205_114110-1024x468.jpg\" alt=\"\" width=\"560\" height=\"255\" srcset=\"https:\/\/www.gedankenflug.eu\/wordpress\/wp-content\/uploads\/20201205_114110-1024x468.jpg 1024w, https:\/\/www.gedankenflug.eu\/wordpress\/wp-content\/uploads\/20201205_114110-300x137.jpg 300w, https:\/\/www.gedankenflug.eu\/wordpress\/wp-content\/uploads\/20201205_114110-768x351.jpg 768w, https:\/\/www.gedankenflug.eu\/wordpress\/wp-content\/uploads\/20201205_114110-1536x703.jpg 1536w, https:\/\/www.gedankenflug.eu\/wordpress\/wp-content\/uploads\/20201205_114110-2048x937.jpg 2048w\" sizes=\"auto, (max-width: 560px) 100vw, 560px\" \/><\/figure>\n<h3><\/h3>\n<h3>&nbsp;<\/h3>\n<h3>&nbsp;<\/h3>\n<h3 class=\"p1\"><span style=\"color: #000000;\">die <strong>H\u00f6rbuchfassung des Kinderbuchs, in Zusammenarbeit mit <a style=\"color: #000000;\" href=\"http:\/\/www.unisono-records.de\/\" target=\"_blank\" rel=\"noopener\">Unisono-Records<\/a><\/strong><\/span><\/h3>\n<h1>&nbsp;<span style=\"color: #000000;\"><a style=\"color: #000000;\" href=\"https:\/\/www.gedankenflug.eu\/wordpress\/?page_id=1183\" target=\"_blank\" rel=\"noopener\">Die Geschichte vom kleinen L\u00f6wen<\/a><\/span><\/h1>\n<h5><span style=\"color: #000000;\">Hier gibt es einen kleinen Ausschnitt aus dem Radio-Interview vom<\/span>\n<span style=\"color: #000000;\">1.09.&nbsp;2016 bei&nbsp;<\/span><span style=\"color: #000000;\">Radio Alex, <a style=\"color: #000000;\" href=\"https:\/\/www.gedankenflug.eu\/wordpress\/wp-content\/uploads\/Interview-Teil-4.mp3\" target=\"_blank\" rel=\"noopener\">&#8222;OkBeat&#8220;<\/a>, mit P. R\u00f6mer und Chr. Kahlau<\/span><\/h5>\n<div id=\"attachment_2373\" style=\"width: 50px\" class=\"wp-caption alignleft\"><img loading=\"lazy\" decoding=\"async\" aria-describedby=\"caption-attachment-2373\" class=\"wp-image-2373 size-full\" src=\"https:\/\/www.gedankenflug.eu\/wordpress\/wp-content\/uploads\/Micro-e1426355658950.jpg\" alt=\"Interviewer R. Gaensrich\" width=\"40\" height=\"35\"><p id=\"caption-attachment-2373\" class=\"wp-caption-text\"><a href=\"https:\/\/www.gedankenflug.eu\/wordpress\/aktuelles\/radiomitschnitt-\u2026einen-l\u00f6wen-128\/\" target=\"_blank\" rel=\"noopener\"><span style=\"color: #000000;\">Interview<\/span><\/a><\/p><\/div>\n<h5><span class=\"s1\">als&nbsp;H\u00f6rbuchfassung im<\/span>&nbsp;<strong>digitalen Download<\/strong> (audible H\u00f6rb\u00fccher, amazon, iTunes etc..) und als&nbsp;CD-Fassung<span class=\"s1\">&nbsp;ab<strong> 08.10.2016 <\/strong><\/span>im Fachhandel<span class=\"s2\">&nbsp;(Amazon, Saturn, MediaMarkt, Weltbild, Buch.de, Thalia etc.).<\/span><\/h5>\n<h4>&nbsp;<\/h4>\n<h2>&nbsp;<\/h2>\n<h2>&nbsp;<\/h2>\n<h2><span style=\"color: #000000;\"><strong>Die CD &#8222;Lyrik &amp; Laute Nr 2&#8220; ist da!<\/strong><\/span><\/h2>\nEntstanden wie bereits die Nr 1 unter dem Label Tonstudio <span style=\"color: #000000;\"><a style=\"color: #000000;\" href=\"http:\/\/www.unisono-records.de\/\" target=\"_blank\" rel=\"noopener\">UNISONO<\/a>,<\/span>\nenth\u00e4lt diese CD wieder eine Auswahl von Musik &amp; Gedichten\n\nGedichte von Christine Kahlau, gesprochen von der Autorin\nmusikalisch begleitet und interpretiert von Olaf Garbow\n\nngg_shortcode_0_placeholder&nbsp;Juni 2014&nbsp;Release-Veranstaltung in Berlin-Zehlendorf, im Kino &#8222;Bali&#8220;\n<h6>ngg_shortcode_1_placeholder\n&nbsp;<\/h6>\n<h2><span style=\"color: #000000;\">Die CD &#8222;Weltspiegel&#8220; von Lyrik &amp; Laute<\/span><\/h2>\nDiese CD enth\u00e4lt einen Querschnitt aus den bisher\nerarbeiteten Programmen der beiden K\u00fcnstler, sowie\neinzelne Gedichte mit musikalischer Begleitung.\n\nngg_shortcode_2_placeholder\nCD Lyrik &amp; Laute\n12,10 Euro\n\n&nbsp;\n\nzur\u00fcck zu&nbsp;<a title=\"Publikationen\" href=\"https:\/\/www.gedankenflug.eu\/wordpress\/?page_id=173\">Publikationen<\/a>","protected":false},"excerpt":{"rendered":"<p>&#8222;Schlaf kleiner B\u00e4r&#8220; P\u00fcnktlich zur Weihnachtszeit 2020 gibt es die Kinder-Schlaflieder-CD &#8222;Schlaf kleiner B\u00e4r&#8220; Musik und Produktion: Holger Bey gesungen und gesprochen von 9 verschiedenen InterpretInnen, darunter die Kinder Ilja und Lisbeth Covergestaltung von Kerstin Reichelt mit 8 Texten von Christine Kahlau &nbsp; Kontakt f\u00fcr die Bestellung: holgerbey@web.de Kosten: 10 \u20ac + Versand &nbsp; &nbsp; [&hellip;]<\/p>\n","protected":false},"author":397,"featured_media":0,"parent":173,"menu_order":3,"comment_status":"open","ping_status":"open","template":"","meta":{"ngg_post_thumbnail":0,"footnotes":""},"class_list":["post-207","page","type-page","status-publish","hentry"],"_links":{"self":[{"href":"https:\/\/www.gedankenflug.eu\/wordpress\/wp-json\/wp\/v2\/pages\/207","targetHints":{"allow":["GET"]}}],"collection":[{"href":"https:\/\/www.gedankenflug.eu\/wordpress\/wp-json\/wp\/v2\/pages"}],"about":[{"href":"https:\/\/www.gedankenflug.eu\/wordpress\/wp-json\/wp\/v2\/types\/page"}],"author":[{"embeddable":true,"href":"https:\/\/www.gedankenflug.eu\/wordpress\/wp-json\/wp\/v2\/users\/397"}],"replies":[{"embeddable":true,"href":"https:\/\/www.gedankenflug.eu\/wordpress\/wp-json\/wp\/v2\/comments?post=207"}],"version-history":[{"count":37,"href":"https:\/\/www.gedankenflug.eu\/wordpress\/wp-json\/wp\/v2\/pages\/207\/revisions"}],"predecessor-version":[{"id":3551,"href":"https:\/\/www.gedankenflug.eu\/wordpress\/wp-json\/wp\/v2\/pages\/207\/revisions\/3551"}],"up":[{"embeddable":true,"href":"https:\/\/www.gedankenflug.eu\/wordpress\/wp-json\/wp\/v2\/pages\/173"}],"wp:attachment":[{"href":"https:\/\/www.gedankenflug.eu\/wordpress\/wp-json\/wp\/v2\/media?parent=207"}],"curies":[{"name":"wp","href":"https:\/\/api.w.org\/{rel}","templated":true}]}}