{"id":242,"date":"2013-11-21T00:00:01","date_gmt":"2013-11-20T22:00:01","guid":{"rendered":"http:\/\/www.gedankenflug.eu\/wordpress\/?page_id=242"},"modified":"2021-12-19T18:04:30","modified_gmt":"2021-12-19T16:04:30","slug":"projekte-3","status":"publish","type":"page","link":"https:\/\/www.gedankenflug.eu\/wordpress\/projekte\/projekte-3\/","title":{"rendered":"Typografisches"},"content":{"rendered":"<p>2012, traf ich den Typografiker Klaus R\u00e4hm auf<br>unserer Ausstellung &#8222;7 Frauen dr\u00fccken etwas aus&#8220;,<br>in der Galerie &#8222;Leuchtturm&#8220;, in Neuk\u00f6lln.<\/p>\n<p>Sp\u00e4ter besuchte ich eine seiner Ausstellungen,<br>im Kulturhaus Gr\u00fcnau. Klaus R\u00e4hm schlug mir vor,<br>einige meiner Gedichte typografisch umzusetzen.<br>Die Ergebnisse gefielen mir gut.<\/p>\n<p>Hier sind einige seiner Arbeiten zu sehen.<\/p>\nngg_shortcode_0_placeholder\n<p>&nbsp;<br>&nbsp;<br><img loading=\"lazy\" decoding=\"async\" class=\"alignright wp-image-2372 size-full\" src=\"https:\/\/www.gedankenflug.eu\/wordpress\/wp-content\/uploads\/Loudspeaker-e1426355353502.jpg\" alt=\"Loudspeaker\" width=\"40\" height=\"25\"><br><a href=\"https:\/\/www.gedankenflug.eu\/wordpress\/wp-content\/uploads\/So-viel-Meer-1.mp3\" target=\"_blank\" rel=\"noopener\">So viel Meer<\/a><\/p>\n<p><img loading=\"lazy\" decoding=\"async\" src=\"http:\/\/vg05.met.vgwort.de\/na\/82fb4af15df344aab9b3f17cd036ac37\" alt=\"\" width=\"1\" height=\"1\"><\/p>\n<p style=\"position: absolute; left: 5.6em; bottom: 30px; text-align: right;\">zur\u00fcck zu <a title=\"Projekte\" href=\"https:\/\/www.gedankenflug.eu\/wordpress\/?page_id=113\">Projekte<\/a><\/p>\n<p>&nbsp;<\/p>\n<p><b>&nbsp;<\/b><\/p>\n\n\n<p><\/p>\n","protected":false},"excerpt":{"rendered":"<p>2012, traf ich den Typografiker Klaus R\u00e4hm aufunserer Ausstellung &#8222;7 Frauen dr\u00fccken etwas aus&#8220;,in der Galerie &#8222;Leuchtturm&#8220;, in Neuk\u00f6lln. Sp\u00e4ter besuchte ich eine seiner Ausstellungen,im Kulturhaus Gr\u00fcnau. Klaus R\u00e4hm schlug mir vor,einige meiner Gedichte typografisch umzusetzen.Die Ergebnisse gefielen mir gut. Hier sind einige seiner Arbeiten zu sehen. &nbsp;&nbsp;So viel Meer zur\u00fcck zu Projekte &nbsp; &nbsp;<\/p>\n","protected":false},"author":397,"featured_media":0,"parent":113,"menu_order":3,"comment_status":"open","ping_status":"open","template":"","meta":{"ngg_post_thumbnail":0,"footnotes":""},"class_list":["post-242","page","type-page","status-publish","hentry"],"_links":{"self":[{"href":"https:\/\/www.gedankenflug.eu\/wordpress\/wp-json\/wp\/v2\/pages\/242","targetHints":{"allow":["GET"]}}],"collection":[{"href":"https:\/\/www.gedankenflug.eu\/wordpress\/wp-json\/wp\/v2\/pages"}],"about":[{"href":"https:\/\/www.gedankenflug.eu\/wordpress\/wp-json\/wp\/v2\/types\/page"}],"author":[{"embeddable":true,"href":"https:\/\/www.gedankenflug.eu\/wordpress\/wp-json\/wp\/v2\/users\/397"}],"replies":[{"embeddable":true,"href":"https:\/\/www.gedankenflug.eu\/wordpress\/wp-json\/wp\/v2\/comments?post=242"}],"version-history":[{"count":55,"href":"https:\/\/www.gedankenflug.eu\/wordpress\/wp-json\/wp\/v2\/pages\/242\/revisions"}],"predecessor-version":[{"id":3623,"href":"https:\/\/www.gedankenflug.eu\/wordpress\/wp-json\/wp\/v2\/pages\/242\/revisions\/3623"}],"up":[{"embeddable":true,"href":"https:\/\/www.gedankenflug.eu\/wordpress\/wp-json\/wp\/v2\/pages\/113"}],"wp:attachment":[{"href":"https:\/\/www.gedankenflug.eu\/wordpress\/wp-json\/wp\/v2\/media?parent=242"}],"curies":[{"name":"wp","href":"https:\/\/api.w.org\/{rel}","templated":true}]}}