{"id":2508,"date":"2016-02-05T11:31:16","date_gmt":"2016-02-05T09:31:16","guid":{"rendered":"http:\/\/www.gedankenflug.eu\/wordpress\/?page_id=2508"},"modified":"2022-04-07T14:20:36","modified_gmt":"2022-04-07T12:20:36","slug":"archiv-%e2%86%92-2015","status":"publish","type":"page","link":"https:\/\/www.gedankenflug.eu\/wordpress\/archiv\/archiv-%e2%86%92-2015\/","title":{"rendered":"Archiv \u2192 2015"},"content":{"rendered":"<h4><span style=\"color: #000000;\"><strong>Am Freitag, den 15. Dezember 2015, um 19.00 Uhr<\/strong><\/span><\/h4>\n<h2><span style=\"color: #000000;\">Vorstellung der&nbsp;Anthologie<\/span><\/h2>\n<h2><span style=\"color: #000000;\">Berlin ist auch eine sch\u00f6ne Gegend&#8230;<\/p>\n<p><span style=\"font-size: revert; font-weight: revert;\">Die Metropole in Gedicht und Grafik<\/span><\/p>\n<p><\/span><\/h2>\n<h2><span style=\"color: #000000;\">Es lesen Klaus K\u00fchnel (Herausgeber),&nbsp;Christine Kahlau&nbsp;<br \/>\nund andere Berliner AutorInnen<\/span><\/h2>\n<h4><span style=\"color: #000000;\">im &#8222;la bohem\u00e8&#8220;, Winsstra\u00dfe 12, in Berlin Prenzlauer Berg<\/span><\/h4>\n<p>&nbsp;<\/p>\n<p><span style=\"color: #000000;\">ngg_shortcode_0_placeholder<\/span><\/p>\n<h5><span style=\"color: #000000;\">zu bestellen \u00fcber Verlag: <a href=\"http:\/\/www.trafoberlin.de\/index.html\" target=\"_blank\" rel=\"noopener noreferrer\"><span style=\"color: #000000;\">Trafo Verlagsgruppe Berlin<\/span><br \/>\n<\/a>Preis: 24,80 \u20ac<\/span><\/h5>\n<p>&nbsp;<\/p>\n<p>&nbsp;<\/p>\n<p>&nbsp;<\/p>\n<p>vom 28.05.2015 &#8211; 21.10.2015<\/p>\n<p><strong>Ausstellung &#8222;Zeitliches&#8220;, Grafik &amp; Lyrik <\/strong><\/p>\n<p><strong>Christine Kahlau und die&nbsp;&#8222;Frauendruckwerkstatt Prenzl Berg&#8220;<\/strong><\/p>\n<p>im &#8222;La Bohem\u00e8&#8220;, Winsstra\u00dfe 12, 10405 Berlin<\/p>\n<p>&nbsp;<\/p>\n<div id=\"attachment_2428\" style=\"width: 310px\" class=\"wp-caption aligncenter\"><img loading=\"lazy\" decoding=\"async\" aria-describedby=\"caption-attachment-2428\" class=\"size-full wp-image-2428\" src=\"https:\/\/www.gedankenflug.eu\/wordpress\/wp-content\/uploads\/040-e1434448725631.jpg\" alt=\"&quot;Zeitliches&quot; im Caf\u00e8 &amp; Galerie La boh\u00e8me\" width=\"300\" height=\"400\"><p id=\"caption-attachment-2428\" class=\"wp-caption-text\">&#8222;Zeitliches&#8220; im Caf\u00e8 &amp; Galerie La boh\u00e8me<\/p><\/div>\n<p>&nbsp;<\/p>\n<p style=\"padding-bottom:30%;\">zur\u00fcck zu&nbsp;<a title=\"Archiv\" href=\"https:\/\/www.gedankenflug.eu\/wordpress\/?page_id=21\">Archiv<\/a><\/p>\n","protected":false},"excerpt":{"rendered":"<p>Am Freitag, den 15. Dezember 2015, um 19.00 Uhr Vorstellung der&nbsp;Anthologie Berlin ist auch eine sch\u00f6ne Gegend&#8230; Die Metropole in Gedicht und Grafik Es lesen Klaus K\u00fchnel (Herausgeber),&nbsp;Christine Kahlau&nbsp; und andere Berliner AutorInnen im &#8222;la bohem\u00e8&#8220;, Winsstra\u00dfe 12, in Berlin Prenzlauer Berg &nbsp; zu bestellen \u00fcber Verlag: Trafo Verlagsgruppe Berlin Preis: 24,80 \u20ac &nbsp; &nbsp; [&hellip;]<\/p>\n","protected":false},"author":397,"featured_media":0,"parent":21,"menu_order":6,"comment_status":"closed","ping_status":"closed","template":"","meta":{"ngg_post_thumbnail":0,"footnotes":""},"class_list":["post-2508","page","type-page","status-publish","hentry"],"_links":{"self":[{"href":"https:\/\/www.gedankenflug.eu\/wordpress\/wp-json\/wp\/v2\/pages\/2508","targetHints":{"allow":["GET"]}}],"collection":[{"href":"https:\/\/www.gedankenflug.eu\/wordpress\/wp-json\/wp\/v2\/pages"}],"about":[{"href":"https:\/\/www.gedankenflug.eu\/wordpress\/wp-json\/wp\/v2\/types\/page"}],"author":[{"embeddable":true,"href":"https:\/\/www.gedankenflug.eu\/wordpress\/wp-json\/wp\/v2\/users\/397"}],"replies":[{"embeddable":true,"href":"https:\/\/www.gedankenflug.eu\/wordpress\/wp-json\/wp\/v2\/comments?post=2508"}],"version-history":[{"count":12,"href":"https:\/\/www.gedankenflug.eu\/wordpress\/wp-json\/wp\/v2\/pages\/2508\/revisions"}],"predecessor-version":[{"id":3770,"href":"https:\/\/www.gedankenflug.eu\/wordpress\/wp-json\/wp\/v2\/pages\/2508\/revisions\/3770"}],"up":[{"embeddable":true,"href":"https:\/\/www.gedankenflug.eu\/wordpress\/wp-json\/wp\/v2\/pages\/21"}],"wp:attachment":[{"href":"https:\/\/www.gedankenflug.eu\/wordpress\/wp-json\/wp\/v2\/media?parent=2508"}],"curies":[{"name":"wp","href":"https:\/\/api.w.org\/{rel}","templated":true}]}}