{"id":251,"date":"2013-11-21T00:10:16","date_gmt":"2013-11-20T22:10:16","guid":{"rendered":"http:\/\/www.gedankenflug.eu\/wordpress\/?page_id=251"},"modified":"2021-12-08T12:36:14","modified_gmt":"2021-12-08T10:36:14","slug":"links-3","status":"publish","type":"page","link":"https:\/\/www.gedankenflug.eu\/wordpress\/links\/links-3\/","title":{"rendered":"weitere AkteurInnen"},"content":{"rendered":"<p><a href=\"http:\/\/www.prenzlberger-ansichten.de\/k-tucholsky-bibliothek\/\" target=\"_blank\" rel=\"noopener\"><span style=\"color: #000000;\">Prenzlberger Ansichten<\/span><\/a><\/p>\n<p><span style=\"color: #000000;\"><a style=\"color: #000000;\" href=\"https:\/\/rolfgaensrich.wordpress.com\">Rolf G\u00e4nsrich<\/a><\/span>&nbsp;<span style=\"color: #000000;\">Stadtf\u00fchrungen u.a.m.<\/span><\/p>\n<p><a href=\"http:\/\/kindertransporte-1938-39.eu\/de\/home\" target=\"_blank\" rel=\"noopener\"><span style=\"color: #000000;\">Initiative Berliner Kinderdenkmal<\/span><\/a><\/p>\n<p><a href=\"https:\/\/www.youtube.com\/watch?v=oeJEVvfiatM\" target=\"_blank\" rel=\"noopener\"><span style=\"color: #000000;\">Literaturfreunde<\/span><\/a> von <span style=\"color: #000000;\">Friederike Gem\u00fcnden<\/span><\/p>\n<p>&nbsp;<\/p>\n<p>&nbsp;<\/p>\n<p>&nbsp;<\/p>\n<p>&nbsp;<\/p>\n<p>&nbsp;<\/p>\n<p style=\"position: absolute; left: 5.6em; bottom: 30px;\">zur\u00fcck zu&nbsp;<a title=\"Links zu anderen\" href=\"https:\/\/www.gedankenflug.eu\/wordpress\/?page_id=140\">Links zu anderen<\/a><\/p>\n<p><b>&nbsp;<\/b><\/p>\n","protected":false},"excerpt":{"rendered":"<p>Prenzlberger Ansichten Rolf G\u00e4nsrich&nbsp;Stadtf\u00fchrungen u.a.m. Initiative Berliner Kinderdenkmal Literaturfreunde von Friederike Gem\u00fcnden &nbsp; &nbsp; &nbsp; &nbsp; &nbsp; zur\u00fcck zu&nbsp;Links zu anderen &nbsp;<\/p>\n","protected":false},"author":397,"featured_media":0,"parent":140,"menu_order":3,"comment_status":"open","ping_status":"open","template":"","meta":{"ngg_post_thumbnail":0,"footnotes":""},"class_list":["post-251","page","type-page","status-publish","hentry"],"_links":{"self":[{"href":"https:\/\/www.gedankenflug.eu\/wordpress\/wp-json\/wp\/v2\/pages\/251","targetHints":{"allow":["GET"]}}],"collection":[{"href":"https:\/\/www.gedankenflug.eu\/wordpress\/wp-json\/wp\/v2\/pages"}],"about":[{"href":"https:\/\/www.gedankenflug.eu\/wordpress\/wp-json\/wp\/v2\/types\/page"}],"author":[{"embeddable":true,"href":"https:\/\/www.gedankenflug.eu\/wordpress\/wp-json\/wp\/v2\/users\/397"}],"replies":[{"embeddable":true,"href":"https:\/\/www.gedankenflug.eu\/wordpress\/wp-json\/wp\/v2\/comments?post=251"}],"version-history":[{"count":28,"href":"https:\/\/www.gedankenflug.eu\/wordpress\/wp-json\/wp\/v2\/pages\/251\/revisions"}],"predecessor-version":[{"id":3506,"href":"https:\/\/www.gedankenflug.eu\/wordpress\/wp-json\/wp\/v2\/pages\/251\/revisions\/3506"}],"up":[{"embeddable":true,"href":"https:\/\/www.gedankenflug.eu\/wordpress\/wp-json\/wp\/v2\/pages\/140"}],"wp:attachment":[{"href":"https:\/\/www.gedankenflug.eu\/wordpress\/wp-json\/wp\/v2\/media?parent=251"}],"curies":[{"name":"wp","href":"https:\/\/api.w.org\/{rel}","templated":true}]}}