{"id":2678,"date":"2017-04-24T12:03:12","date_gmt":"2017-04-24T10:03:12","guid":{"rendered":"http:\/\/www.gedankenflug.eu\/wordpress\/?page_id=2678"},"modified":"2022-04-07T14:18:57","modified_gmt":"2022-04-07T12:18:57","slug":"2017-2","status":"publish","type":"page","link":"https:\/\/www.gedankenflug.eu\/wordpress\/archiv\/2017-2\/","title":{"rendered":"Archiv \u2192 2017"},"content":{"rendered":"<h3 class=\"p1\"><span style=\"color: #000000;\"><a style=\"color: #000000;\" href=\"http:\/\/www.villa-oppenheim-berlin.de\/ausstellungen\/vorschau\/sehen-lernen.html\" target=\"_blank\" rel=\"noopener\">Ausstellungser\u00f6ffnung<\/a> am 14.02.2017, 18.00 Uhr<\/span><\/h3>\n<h2 class=\"p1\"><span style=\"color: #000000;\">&#8222;Sehen lernen&#8220; Die wiederzuentdeckende Fotografin<\/span><br \/>\n<span style=\"color: #000000;\"> GERDA SCHIMPF (1913-2014)<\/span><\/h2>\n<h2><span style=\"color: #000000;\">kuratiert von&nbsp;<\/span><span style=\"color: #000000;\">Christine Kahlau und&nbsp;<\/span><span style=\"color: #000000;\">Irja Kr\u00e4tke&nbsp;<\/span><\/h2>\n<h3><span style=\"color: #000000;\">Sonderausstellung vom 15. Februar bis 23. April 2017<\/span><\/h3>\n<h3><span style=\"color: #000000;\">in der Villa <a style=\"color: #000000;\" href=\"http:\/\/www.villa-oppenheim-berlin.de\/#\" target=\"_blank\" rel=\"noopener\">Oppenheim<\/a>, in Berlin Charlottenburg<\/span><\/h3>\n<h3><span style=\"color: #000000;\">Schlo\u00dfstra\u00dfe 55\/ Otto Gr\u00fcneberg Weg, in 14059 Berlin<\/span><\/h3>\n<p>&nbsp;<\/p>\n<p>&nbsp;<\/p>\n<h4 class=\"p1\"><span style=\"color: #000000;\">Ausstellungser\u00f6ffnung am Sonntag, den 21.05.2017, 15.00 Uhr<\/span><\/h4>\n<h3><span style=\"color: #000000;\">in&nbsp;&#8222;<a style=\"color: #000000;\" href=\"http:\/\/www.schmetterlingshorst.de\/\" target=\"_blank\" rel=\"noopener noreferrer\">Schmetterlingshorst<\/a>&#8222;<\/span><\/h3>\n<h2 class=\"p1\"><span style=\"color: #000000;\">&nbsp;&#8222;ODE an die LIEBE&#8220;,&nbsp;Grafik &amp; Lyrik<\/span><\/h2>\n<h2><span style=\"color: #000000;\">mit der FrauendruckWerkstattPrenzlberg&nbsp;und Christine Kahlau<\/span><\/h2>\n<h2><span style=\"color: #000000;\">Lesung zur Er\u00f6ffnung mit Christine Kahlau (Lyrik) und Christian Lorenz (Gitarre)<\/span><\/h2>\n<h4><span style=\"color: #000000;\">Die Ausstellung ist zu sehen bis 12.08.2017, t\u00e4glich ge\u00f6ffnet ab 10.00 Uhr<\/span><\/h4>\n<h4><span style=\"color: #000000;\">direkt am Wasser, am Ufer des Langen Sees<\/span><br \/>\n<span style=\"color: #000000;\">Zum&nbsp;Schmetterlingshorst 2, in 12559 Berlin<\/span><br \/>\n<span style=\"color: #000000;\">Tel: 030 &#8211; 6167 48 61<\/span><\/h4>\n<p>&nbsp;<\/p>\n<p>&nbsp;<\/p>\n<h2 class=\"p1\"><span style=\"color: #000000;\">Musikalisch-literarische Salonkunst zu Gast bei <a style=\"color: #000000;\" href=\"http:\/\/www.prokiez.de\" target=\"_blank\" rel=\"noopener noreferrer\">Pro Kiez e.V. B\u00f6tzowviertel<\/a><\/span><\/h2>\n<h3><span style=\"color: #000000;\">5 Veranstaltungen zum Motto<\/span><\/h3>\n<h2><span style=\"color: #000000;\">&#8222;Der Boden unter uns hat zu schwanken begonnen&#8230;&#8220;<\/span><\/h2>\n<h3 class=\"p1\"><span style=\"color: #000000;\">2. Salon am 30.11.2017, um 20.00 Uhr<\/span><\/h3>\n<h2 class=\"p1\"><span style=\"color: #000000;\">Mitwirkende: Anne Allex, Olaf Garbow,&nbsp;Christine Kahlau&#8230;<\/span><\/h2>\n<h3 class=\"p1\"><span style=\"color: #000000;\">Thema des Abends &#8222;Das Verschleierte durchdringen&#8230;&#8220;<\/span><\/h3>\n<h3><span style=\"color: #000000;\">Es geht um das Thema ARBEIT&#8230;<\/span><\/h3>\n<h5><span style=\"color: #000000;\">Einlass ab 19.00 Uhr, mit Buffet<\/span><br \/>\n<span style=\"color: #000000;\"> Esmarchstra\u00dfe 18, 10407 Berlin<\/span><\/h5>\n<p>&nbsp;<\/p>\n<p style=\"padding-bottom:30%;\">zur\u00fcck zu&nbsp;<a href=\"https:\/\/www.gedankenflug.eu\/wordpress\/?page_id=21\">Archiv<\/a><\/p>\n<p>&nbsp;<\/p>\n","protected":false},"excerpt":{"rendered":"<p>Ausstellungser\u00f6ffnung am 14.02.2017, 18.00 Uhr &#8222;Sehen lernen&#8220; Die wiederzuentdeckende Fotografin GERDA SCHIMPF (1913-2014) kuratiert von&nbsp;Christine Kahlau und&nbsp;Irja Kr\u00e4tke&nbsp; Sonderausstellung vom 15. Februar bis 23. April 2017 in der Villa Oppenheim, in Berlin Charlottenburg Schlo\u00dfstra\u00dfe 55\/ Otto Gr\u00fcneberg Weg, in 14059 Berlin &nbsp; &nbsp; Ausstellungser\u00f6ffnung am Sonntag, den 21.05.2017, 15.00 Uhr in&nbsp;&#8222;Schmetterlingshorst&#8222; &nbsp;&#8222;ODE an die LIEBE&#8220;,&nbsp;Grafik [&hellip;]<\/p>\n","protected":false},"author":397,"featured_media":0,"parent":21,"menu_order":4,"comment_status":"closed","ping_status":"closed","template":"","meta":{"ngg_post_thumbnail":0,"footnotes":""},"class_list":["post-2678","page","type-page","status-publish","hentry"],"_links":{"self":[{"href":"https:\/\/www.gedankenflug.eu\/wordpress\/wp-json\/wp\/v2\/pages\/2678","targetHints":{"allow":["GET"]}}],"collection":[{"href":"https:\/\/www.gedankenflug.eu\/wordpress\/wp-json\/wp\/v2\/pages"}],"about":[{"href":"https:\/\/www.gedankenflug.eu\/wordpress\/wp-json\/wp\/v2\/types\/page"}],"author":[{"embeddable":true,"href":"https:\/\/www.gedankenflug.eu\/wordpress\/wp-json\/wp\/v2\/users\/397"}],"replies":[{"embeddable":true,"href":"https:\/\/www.gedankenflug.eu\/wordpress\/wp-json\/wp\/v2\/comments?post=2678"}],"version-history":[{"count":18,"href":"https:\/\/www.gedankenflug.eu\/wordpress\/wp-json\/wp\/v2\/pages\/2678\/revisions"}],"predecessor-version":[{"id":3768,"href":"https:\/\/www.gedankenflug.eu\/wordpress\/wp-json\/wp\/v2\/pages\/2678\/revisions\/3768"}],"up":[{"embeddable":true,"href":"https:\/\/www.gedankenflug.eu\/wordpress\/wp-json\/wp\/v2\/pages\/21"}],"wp:attachment":[{"href":"https:\/\/www.gedankenflug.eu\/wordpress\/wp-json\/wp\/v2\/media?parent=2678"}],"curies":[{"name":"wp","href":"https:\/\/api.w.org\/{rel}","templated":true}]}}