{"id":353,"date":"2013-11-21T21:20:45","date_gmt":"2013-11-21T19:20:45","guid":{"rendered":"http:\/\/www.gedankenflug.eu\/wordpress\/?page_id=353"},"modified":"2021-12-08T11:58:03","modified_gmt":"2021-12-08T09:58:03","slug":"irritation","status":"publish","type":"page","link":"https:\/\/www.gedankenflug.eu\/wordpress\/lyrik\/irritation\/","title":{"rendered":"Irritation"},"content":{"rendered":"<p>heute begegnete mir<br>\nein gelber Mann<br>\nauf einer Br\u00fccke<br>\ner war von Kopf bis Fu\u00df<br>\ntats\u00e4chlich gelb<\/p>\n<p>auf seinem kahlen Sch\u00e4del<br>\nthronte zu allem \u00dcberflu\u00df<br>\nein gelber Zylinder<\/p>\n<p>irritiert betrachtete ich ihn<br>\ndoch dann erkannte ich<br>\nsein Angebot und<br>\nl\u00e4chelte ihn an<br>\nfroh grinste er zur\u00fcck<\/p>\n<p>&nbsp;<\/p>\n<p>2004<\/p>\n<p><img loading=\"lazy\" decoding=\"async\" src=\"http:\/\/vg05.met.vgwort.de\/na\/bf46085328474285add4046ddb8cf70c\" width=\"1\" height=\"1\" alt=\"\"><\/p>\n\n\n<figure class=\"wp-block-image is-resized\"><a href=\"https:\/\/www.gedankenflug.eu\/wordpress\/lyrik\/irritation-2\/\"><img loading=\"lazy\" decoding=\"async\" src=\"https:\/\/www.gedankenflug.eu\/wordpress\/wp-content\/uploads\/schirm-e1422810566745.jpg\" alt=\"\" width=\"40\" height=\"41\"\/><\/a><\/figure>\n","protected":false},"excerpt":{"rendered":"<p>heute begegnete mir ein gelber Mann auf einer Br\u00fccke er war von Kopf bis Fu\u00df tats\u00e4chlich gelb auf seinem kahlen Sch\u00e4del thronte zu allem \u00dcberflu\u00df ein gelber Zylinder irritiert betrachtete ich ihn doch dann erkannte ich sein Angebot und l\u00e4chelte ihn an froh grinste er zur\u00fcck &nbsp; 2004<\/p>\n","protected":false},"author":397,"featured_media":0,"parent":127,"menu_order":1,"comment_status":"open","ping_status":"open","template":"","meta":{"ngg_post_thumbnail":0,"footnotes":""},"class_list":["post-353","page","type-page","status-publish","hentry"],"_links":{"self":[{"href":"https:\/\/www.gedankenflug.eu\/wordpress\/wp-json\/wp\/v2\/pages\/353","targetHints":{"allow":["GET"]}}],"collection":[{"href":"https:\/\/www.gedankenflug.eu\/wordpress\/wp-json\/wp\/v2\/pages"}],"about":[{"href":"https:\/\/www.gedankenflug.eu\/wordpress\/wp-json\/wp\/v2\/types\/page"}],"author":[{"embeddable":true,"href":"https:\/\/www.gedankenflug.eu\/wordpress\/wp-json\/wp\/v2\/users\/397"}],"replies":[{"embeddable":true,"href":"https:\/\/www.gedankenflug.eu\/wordpress\/wp-json\/wp\/v2\/comments?post=353"}],"version-history":[{"count":14,"href":"https:\/\/www.gedankenflug.eu\/wordpress\/wp-json\/wp\/v2\/pages\/353\/revisions"}],"predecessor-version":[{"id":3480,"href":"https:\/\/www.gedankenflug.eu\/wordpress\/wp-json\/wp\/v2\/pages\/353\/revisions\/3480"}],"up":[{"embeddable":true,"href":"https:\/\/www.gedankenflug.eu\/wordpress\/wp-json\/wp\/v2\/pages\/127"}],"wp:attachment":[{"href":"https:\/\/www.gedankenflug.eu\/wordpress\/wp-json\/wp\/v2\/media?parent=353"}],"curies":[{"name":"wp","href":"https:\/\/api.w.org\/{rel}","templated":true}]}}