{"id":3665,"date":"2022-03-31T21:40:42","date_gmt":"2022-03-31T19:40:42","guid":{"rendered":"https:\/\/www.gedankenflug.eu\/wordpress\/?page_id=3665"},"modified":"2022-10-09T18:31:22","modified_gmt":"2022-10-09T16:31:22","slug":"2021-2","status":"publish","type":"page","link":"https:\/\/www.gedankenflug.eu\/wordpress\/archiv\/2021-2\/","title":{"rendered":"Archiv 2021"},"content":{"rendered":"\n<h3 class=\"has-black-color has-text-color wp-block-heading\">noch mehr Radio&#8230;&nbsp;<\/h3>\n\n\n\n<h2 class=\"has-black-color has-text-color wp-block-heading\">&#8222;Josephines Suche nach dem Gl\u00fcck&#8220;, I. Teil<\/h2>\n\n\n\n<h3 class=\"has-black-color has-text-color wp-block-heading\">Ein H\u00f6rst\u00fcck von Christine Kahlau zusammen mit der Radiogruppe 50+&nbsp;<br>bei&nbsp;&#8222;<a href=\"https:\/\/www.alex-berlin.de\/radio\/livestream.html\" target=\"_blank\" rel=\"noreferrer noopener\">Radio&nbsp;<\/a>Alte Feuerwache\/Radio Alex&#8220; <a href=\"https:\/\/www.gedankenflug.eu\/wordpress\/archiv\/archiv-\u2192-20013\/\" target=\"_blank\" rel=\"noreferrer noopener\">von 2013<\/a><\/h3>\n\n\n\n<h3 class=\"has-black-color has-text-color wp-block-heading\">am 20.12.2021, 14:00 Uhr<br>Auf der Website dann auf \u201eRadio\u201c gehen und auf \u201elive\u201c&nbsp;<\/h3>\n\n\n\n<h3 class=\"has-black-color has-text-color wp-block-heading\">Und im Radio&#8230;<\/h3>\n\n\n\n<h3 class=\"has-black-color has-text-color wp-block-heading\">zum 1000. OkBeat, zu Gast bei Rolf G\u00e4nsrich<br>u.a. Christine Kahlau mit aktuellen Gedichten<br><br><strong>siehe hier auf <a rel=\"noreferrer noopener\" href=\"https:\/\/www.instagram.com\/p\/CWqQkG7qMbr\/\" target=\"_blank\">Instagram<\/a><\/strong><br> <br><strong>bei&nbsp;<a rel=\"noreferrer noopener\" href=\"https:\/\/www.alex-berlin.de\/blog\/1000-sendungen-o-k-beat-eine-erfolgsgeschichte\/\" target=\"_blank\">Radio Alex<\/a> &#8211; eine Erfolgsgeschichte!<\/strong><\/h3>\n\n\n\n<p><\/p>\n\n\n\n<h3 class=\"has-black-color has-text-color wp-block-heading\">Und im Lifestream&#8230;&nbsp;<\/h3>\n\n\n\n<h3 class=\"has-black-color has-text-color wp-block-heading\">Christine Kahlau, Lesung und Gespr\u00e4ch, anl\u00e4sslich der Reihe<br><a href=\"https:\/\/www.youtube.com\/watch?v=YjTXlz5VR0E\" target=\"_blank\" rel=\"noreferrer noopener\">&#8222;Schlafende Hunde VII&#8220;<\/a><\/h3>\n\n\n\n<p class=\"has-black-color has-text-color\"><strong>in der &#8222;Villa&#8220; in Leipzig am 15.10.2021<\/strong><br><strong>gef\u00f6rdert von Neustart Kultur<\/strong><\/p>\n\n\n\n<p class=\"has-black-color has-text-color has-medium-font-size\"><strong>Und im Netz&#8230;<\/strong><\/p>\n\n\n\n<h3 class=\"has-black-color has-text-color wp-block-heading\">Vorstellung der Anthologie &#8222;Berlin ist auch eine sch\u00f6ne Gegend&#8230;, die Metropole in Gedicht und Grafik&#8220;<\/h3>\n\n\n\n<h3 class=\"has-black-color has-text-color wp-block-heading\">sowie der Lyrikerin Christine Kahlau<\/h3>\n\n\n\n<p><p style=\"padding-bottom:30%;\"><strong>im Literatur-Kanal von Friederike Gem\u00fcnden<\/strong><\/p><\/p>\n\n\n\n<p><\/p>\n\n\n\n<p><\/p>\n","protected":false},"excerpt":{"rendered":"<p>noch mehr Radio&#8230;&nbsp; &#8222;Josephines Suche nach dem Gl\u00fcck&#8220;, I. Teil Ein H\u00f6rst\u00fcck von Christine Kahlau zusammen mit der Radiogruppe 50+&nbsp;bei&nbsp;&#8222;Radio&nbsp;Alte Feuerwache\/Radio Alex&#8220; von 2013 am 20.12.2021, 14:00 UhrAuf der Website dann auf \u201eRadio\u201c gehen und auf \u201elive\u201c&nbsp; Und im Radio&#8230; zum 1000. OkBeat, zu Gast bei Rolf G\u00e4nsrichu.a. Christine Kahlau mit aktuellen Gedichten siehe hier [&hellip;]<\/p>\n","protected":false},"author":397,"featured_media":0,"parent":21,"menu_order":0,"comment_status":"closed","ping_status":"closed","template":"","meta":{"ngg_post_thumbnail":0,"footnotes":""},"class_list":["post-3665","page","type-page","status-publish","hentry"],"_links":{"self":[{"href":"https:\/\/www.gedankenflug.eu\/wordpress\/wp-json\/wp\/v2\/pages\/3665","targetHints":{"allow":["GET"]}}],"collection":[{"href":"https:\/\/www.gedankenflug.eu\/wordpress\/wp-json\/wp\/v2\/pages"}],"about":[{"href":"https:\/\/www.gedankenflug.eu\/wordpress\/wp-json\/wp\/v2\/types\/page"}],"author":[{"embeddable":true,"href":"https:\/\/www.gedankenflug.eu\/wordpress\/wp-json\/wp\/v2\/users\/397"}],"replies":[{"embeddable":true,"href":"https:\/\/www.gedankenflug.eu\/wordpress\/wp-json\/wp\/v2\/comments?post=3665"}],"version-history":[{"count":26,"href":"https:\/\/www.gedankenflug.eu\/wordpress\/wp-json\/wp\/v2\/pages\/3665\/revisions"}],"predecessor-version":[{"id":3778,"href":"https:\/\/www.gedankenflug.eu\/wordpress\/wp-json\/wp\/v2\/pages\/3665\/revisions\/3778"}],"up":[{"embeddable":true,"href":"https:\/\/www.gedankenflug.eu\/wordpress\/wp-json\/wp\/v2\/pages\/21"}],"wp:attachment":[{"href":"https:\/\/www.gedankenflug.eu\/wordpress\/wp-json\/wp\/v2\/media?parent=3665"}],"curies":[{"name":"wp","href":"https:\/\/api.w.org\/{rel}","templated":true}]}}