{"id":75,"date":"2013-11-08T15:44:33","date_gmt":"2013-11-08T13:44:33","guid":{"rendered":"http:\/\/www.gedankenflug.eu\/wordpress\/?page_id=75"},"modified":"2022-04-01T17:46:13","modified_gmt":"2022-04-01T15:46:13","slug":"archiv-%e2%86%92-20013","status":"publish","type":"page","link":"https:\/\/www.gedankenflug.eu\/wordpress\/archiv\/archiv-%e2%86%92-20013\/","title":{"rendered":"Archiv \u2192 2013"},"content":{"rendered":"\n<p>H\u00f6rspiel Teil I&nbsp;<strong><q>Josefine Radmachers Suche nach dem Gl\u00fcck<\/q><\/strong><\/p>\n\n\n\n<p>am Montag, den 18.02.2013, um 20.00 Uhr<\/p>\n\n\n\n<p class=\"has-black-color has-text-color\">im Radio:&nbsp;<a href=\"http:\/\/www.alex-berlin.de\/radio\/livestream\" target=\"_blank\" rel=\"noreferrer noopener\">www.alex-berlin.de\/radio\/livestream<\/a><br>Radio Alex, Sendereihe 50 plus<\/p>\n\n\n\n<p>Ein H\u00f6rspiel von Natalie Faina<br>nach einem unver\u00f6ffentlichten Roman von Hildegard Frank<\/p>\n\n\n\n<p>Sprecher:<br>Annette Filitz<br>Christine Kahlau<br>Martina-Marie Liertz<br>Nadja Messerschmidt<br>Michael Roeder<br>Frank Spade<br>Wieland Weber<\/p>\n\n\n\n<p><strong>und gemeinsam mit allen Akteuren<\/strong><\/p>\n\n\n\n<p class=\"has-black-color has-text-color\">in der Galerie <a href=\"http:\/\/fantomonline.wordpress.com\/\" target=\"_blank\" rel=\"noreferrer noopener\">Fantom e.V<\/a>., Hektorstra\u00dfe 9\/10, 10711 Berlin<br>(N\u00e4he S-Bhf. Halensee)<\/p>\n\n\n\n<p>Teil II&nbsp;am Montag, den 15.04.2013<\/p>\n\n\n\n<div class=\"wp-block-image\"><figure class=\"alignright\"><img loading=\"lazy\" decoding=\"async\" width=\"300\" height=\"225\" src=\"https:\/\/www.gedankenflug.eu\/wordpress\/wp-content\/uploads\/Foto0643-300x225.jpg\" alt=\"Radio Alte Feuerwache\" class=\"wp-image-454\" srcset=\"https:\/\/www.gedankenflug.eu\/wordpress\/wp-content\/uploads\/Foto0643-300x225.jpg 300w, https:\/\/www.gedankenflug.eu\/wordpress\/wp-content\/uploads\/Foto0643-1024x768.jpg 1024w, https:\/\/www.gedankenflug.eu\/wordpress\/wp-content\/uploads\/Foto0643.jpg 2048w\" sizes=\"auto, (max-width: 300px) 100vw, 300px\" \/><\/figure><\/div>\n\n\n\n<p>Teil III&nbsp;am Montag, den 17.06.2013<\/p>\n\n\n\n<p>zur\u00fcck zu&nbsp;<a href=\"https:\/\/www.gedankenflug.eu\/wordpress\/?page_id=21\">Archiv<\/a><\/p>\n\n\n\n<p><\/p>\n\n\n\n<p><\/p>\n\n\n\n<p><\/p>\n\n\n\n<p><\/p>\n\n\n\n<p><\/p>\n\n\n\n<p><\/p>\n\n\n\n<p><\/p>\n\n\n\n<p><\/p>\n\n\n\n<h2 class=\"has-black-color has-text-color wp-block-heading\">Feier zum Internationalen Frauentag 2013<\/h2>\n\n\n\n<p><strong><q>Frauen sind wie Blumen<\/q><\/strong><\/p>\n\n\n\n<p>Gedichte: Christine Kahlau<br>Fl\u00f6tenimprovisation: Ruth Gr\u00fcnbaum<\/p>\n\n\n\n<p>am Freitag, den 8.03.2013<br>um 19.00 Uhr<\/p>\n\n\n\n<p class=\"has-black-color has-text-color\">im <a href=\"http:\/\/alextreffberlin.de\/\" target=\"_blank\" rel=\"noreferrer noopener\">Alex-Treff<\/a>, Lesestube und Vortragsraum<\/p>\n\n\n\n<p>anschlie\u00dfend Imbiss und geselliges Beisammensein<\/p>\n\n\n\n<p>Rosa Luxemburg-Stra\u00dfe 18<br>10178 Berlin<br>Tel.: 030\/39 888 9999<\/p>\n\n\n\n<p><\/p>\n\n\n\n<p><\/p>\n\n\n\n<p><\/p>\n\n\n\n<h2 class=\"has-black-color has-text-color wp-block-heading\"><strong>Andacht anders<\/strong> zum Ostermontag<\/h2>\n\n\n\n<p>mit <strong>Lyrik &amp; Laute<\/strong><br>Christine Kahlau &amp; Olaf Garbow<\/p>\n\n\n\n<p>am Montag, den 1.04.2013<br>um 17.00 Uhr<\/p>\n\n\n\n<p class=\"has-black-color has-text-color\">in der Evangelischen <a href=\"http:\/\/www.schoeneberg-evangelisch.de\/gemeinden\/mi\/index06d.shtml\" target=\"_blank\" rel=\"noreferrer noopener\">Michaeliskirche<\/a><\/p>\n\n\n\n<p>Bessemerstra\u00dfe 97 \/ 101<br>12103 Berlin (Lindenhof)<br>&nbsp;<\/p>\n\n\n\n<p>Verbindung: S-Bahn S\u00fcdkreuz<br>Bus 184 oder von U6 Seestra\u00dfe, Bus 106<\/p>\n\n\n\n<p><\/p>\n\n\n\n<p><\/p>\n\n\n\n<h2 class=\"has-black-color has-text-color wp-block-heading\"><q>Lyrik &amp; Musik<\/q><\/h2>\n\n\n\n<p>Gedichte, Lieder und Musik zum Thema Ferne<br>mit der Lesung&nbsp;<q>Weltenspiegel<\/q><\/p>\n\n\n\n<p>Olaf Garbow &amp; Christine Kahlau<\/p>\n\n\n\n<p>am Sonntag, den 28.04.2013<br>um 18.00 Uhr<\/p>\n\n\n\n<p class=\"has-black-color has-text-color\">im <a href=\"http:\/\/ladysantik.de\/index.html\" target=\"_blank\" rel=\"noreferrer noopener\">Lady&#8217;s Antik<\/a>, in Berlin-Steglitz<br><\/p>\n\n\n\n<p>Zimmermannstra\u00dfe 23, 12163 Berlin<br>U 9 Schlossstra\u00dfe<\/p>\n\n\n\n<p><\/p>\n\n\n\n<p><\/p>\n\n\n\n<p><\/p>\n\n\n\n<h2 class=\"has-black-color has-text-color wp-block-heading\"><strong><q>Kunst trifft Krise<\/q><\/strong><\/h2>\n\n\n\n<p>5 Melangerien aus Lyrik, Prosa, Musik und Gesellschaft<\/p>\n\n\n\n<p>Krise ist Geldverbrennung durch die Banken&#8230;.<\/p>\n\n\n\n<p>die erste von 5 Veranstaltungen zum Thema<br>mit Anne Allex, Olaf Garbow &amp; Christine Kahlau<\/p>\n\n\n\n<p>am Donnerstag, den 16.05.2013<br>um 20.00 Uhr<\/p>\n\n\n\n<p>im&nbsp;<a href=\"http:\/\/kfb1ev.de\/\" target=\"_blank\" rel=\"noreferrer noopener\">Kunstforum<\/a>, in Berlin-Sch\u00f6neberg<\/p>\n\n\n\n<p>Belziger Str. 1, 10823 Berlin<br>U 7 N\u00e4he Kleistpark<\/p>\n\n\n\n<p><\/p>\n\n\n\n<p><\/p>\n\n\n\n<p><\/p>\n\n\n\n<h3 class=\"has-black-color has-text-color wp-block-heading\">Lesung zur Ausstellungser\u00f6ffnung&nbsp;<q>Ver-Dichtung<\/q><br>Bilder nach Gedichten von Christine Kahlau<br>mit der FrauenDruckwerkstattPrenzlBerg<\/h3>\n\n\n\n<p>Bilder von<br>Barbara Arnold<br>Christine Fierke<br>Barbara Gallonska<br>Christa Heinrich<br>Barbara Hoffmann<br>Christine R\u00e4ther<\/p>\n\n\n\n<p>und mit Musik<br>gemeinsam mit dem&nbsp;<q>Epos-Quartett<\/q><br>mit Werken von Strau\u00df, Stravinsky und Steinhammer<\/p>\n\n\n\n<p><strong>am Samstag, den 24.08.2013<br>um 17 Uhr<\/strong><\/p>\n\n\n\n<p><strong>in der&nbsp;<q>Galerie im H\u00fchnerstall<\/q>, in Sch\u00f6now bei Bernau<br>zu den&nbsp;<q>13. Sch\u00f6nauer Cool-Tour-Tagen<\/q><\/strong><\/p>\n\n\n\n<p>Sch\u00f6nerlinder Str. 88, 16321 Bernau<br>S-Bahn S2, Richtung Bernau, Ausstieg Zepernick<br>mit dem Bus (1x\/Std.) bzw. Fu\u00dfweg 20 Min<\/p>\n\n\n\n<div class=\"wp-block-image\"><figure class=\"alignright\"><a href=\"https:\/\/www.gedankenflug.eu\/wordpress\/wp-content\/uploads\/Foto0544.jpg\" rel=\"lightbox[75]\"><img loading=\"lazy\" decoding=\"async\" width=\"300\" height=\"225\" src=\"https:\/\/www.gedankenflug.eu\/wordpress\/wp-content\/uploads\/Foto0544-300x225.jpg\" alt=\"Foto0544\" class=\"wp-image-812\" srcset=\"https:\/\/www.gedankenflug.eu\/wordpress\/wp-content\/uploads\/Foto0544-300x225.jpg 300w, https:\/\/www.gedankenflug.eu\/wordpress\/wp-content\/uploads\/Foto0544-1024x768.jpg 1024w, https:\/\/www.gedankenflug.eu\/wordpress\/wp-content\/uploads\/Foto0544.jpg 2048w\" sizes=\"auto, (max-width: 300px) 100vw, 300px\" \/><\/a><\/figure><\/div>\n\n\n\n<p><\/p>\n\n\n\n<p><\/p>\n\n\n\n<p><\/p>\n\n\n\n<p><\/p>\n\n\n\n<p><\/p>\n\n\n\n<p><\/p>\n\n\n\n<p><\/p>\n\n\n\n<p><\/p>\n\n\n\n<p><\/p>\n\n\n\n<p><\/p>\n\n\n\n<h2 class=\"has-black-color has-text-color wp-block-heading\">1. Sommerfest im B\u00f6tzowkiez<\/h2>\n\n\n\n<p>auf und um den Arnswalder Platz<\/p>\n\n\n\n<p>Ich lese im Lesezelt von Pro Kiez (16.00 Uhr)<br><q><strong>Die kleine Bibliothek<\/strong><\/q><br>und lade anschlie\u00dfend ein zum&nbsp;<q><strong>Poesie-Spiel<\/strong><\/q><br>auf der Wiese zum Mitmachen! Das Fest bietet<br>ein gro\u00dfen B\u00fchnen- und Rahmenprogramm<br>f\u00fcr Klein und Gro\u00df, Anwohner und G\u00e4ste<br>des Viertels rund um den Arnswalder Platz<\/p>\n\n\n\n<p><strong>am Samstag, den 31.08.2013<\/strong><\/p>\n\n\n\n<p><strong>ab 15 Uhr<\/strong><\/p>\n\n\n\n<p>Arnswalder Platz (Stierbrunnen), 10407 Berlin<br>Tram 10, Haltestelle Arnswalder Platz<br>Tram 4 Haltestelle Hufelandstra\u00dfe&nbsp;<\/p>\n\n\n\n<div class=\"wp-block-image\"><figure class=\"aligncenter\"><img loading=\"lazy\" decoding=\"async\" width=\"300\" height=\"200\" src=\"https:\/\/www.gedankenflug.eu\/wordpress\/wp-content\/uploads\/2013-08-31-17.45.34-300x200.jpg\" alt=\"2013-08-31 17.45.34\" class=\"wp-image-927\" srcset=\"https:\/\/www.gedankenflug.eu\/wordpress\/wp-content\/uploads\/2013-08-31-17.45.34-300x200.jpg 300w, https:\/\/www.gedankenflug.eu\/wordpress\/wp-content\/uploads\/2013-08-31-17.45.34-1024x685.jpg 1024w\" sizes=\"auto, (max-width: 300px) 100vw, 300px\" \/><\/figure><\/div>\n\n\n\n<p><\/p>\n\n\n\n<p><\/p>\n\n\n\n<p><\/p>\n\n\n\n<h2 class=\"has-black-color has-text-color wp-block-heading\"><strong>Ich sehe was, was Du nicht siehst<\/strong><\/h2>\n\n\n\n<p>5 Melangerien aus Lyrik, Prosa, Musik und Gesellschaft<\/p>\n\n\n\n<p>die letzte von insgesamt 5 Veranstaltungen<br>mit Anne Allex (Gesellschaft) und Christine Kahlau (Lyrik),<br>mit Thomas Vallentin und Markus Virck (Musik und Gesang)<\/p>\n\n\n\n<p>Wie wirkt sich die aktuelle Krise auf die Kunst und die<br>Lebenssituation von K\u00fcnstlerInnnen aus? Gesellschaftskritik<br>und Kunst widmen sich gemeinsam einem existenziellen Thema<\/p>\n\n\n\n<p>a<strong>m Donnerstag, den 10.10.2013<\/strong><br><strong>um 19.30 Uhr<\/strong><\/p>\n\n\n\n<p>im <a href=\"http:\/\/www.hausderdemokratie.de\/artikel\/programm.php4\" target=\"_blank\" rel=\"noreferrer noopener\">Haus der Demokratie und Menschenrechte<\/a><br><a href=\"http:\/\/www.hausderdemokratie.de\/artikel\/programm.php4\" target=\"_blank\" rel=\"noreferrer noopener\">&nbsp;<\/a><br>Greifswalder Stra\u00dfe 1, 10405 Berlin<br>S \/ U-Bahnhof Alexanderplatz, Tram 4<\/p>\n\n\nngg_shortcode_0_placeholder\n\n\n\n<p><\/p>\n\n\n\n<p><\/p>\n\n\n\n<h2 class=\"has-black-color has-text-color wp-block-heading\">H\u00f6rspiel Teil IV &#8222;<strong>Josefine Radmachers Suche nach dem Gl\u00fcck&#8220;<\/strong><\/h2>\n\n\n\n<p>oder &#8222;vom ganz pers\u00f6nlichen Recht zu scheitern&#8220;<\/p>\n\n\n\n<p>am Montag, den <strong>18.11.2013, um 20.00 Uhr<\/strong><\/p>\n\n\n\n<p>im Radio:&nbsp;<a href=\"http:\/\/www.alex-berlin.de\/radio\/livestream\" target=\"_blank\" rel=\"noreferrer noopener\">www.alex-berlin.de\/radio\/livestream<\/a><br>Radio Alex, Sendereihe 50 plus<\/p>\n\n\n\n<p>Ein H\u00f6rspiel von Natalie Faina<br>nach einem unver\u00f6ffentlichten Roman von Hildegard Frank<\/p>\n\n\n\n<p>SprecherInnen:<\/p>\n\n\n\n<p>Annette Filitz<br>Christine Kahlau<br>Martina-Marie Liertz<br>Nadja Messerschmidt<br>Michael Roeder<br>Frank Spade<br>Wieland Weber<br>Erhard Weinholz<\/p>\n\n\n\n<p>und gemeinsam mit Autorin, Sprecherinnen und Sprechern<br>gem\u00fctlich bei einem Glas Wein bei<br><a href=\"http:\/\/prokiez.wordpress.com\/\" target=\"_blank\" rel=\"noreferrer noopener\">Pro Kiez e.V<\/a><a href=\"http:\/\/prokiez.wordpress.com\/\" target=\"_blank\" rel=\"noreferrer noopener\">.<\/a>, K.-Tucholsky-Bibliothek<\/p>\n\n\n\n<p>Esmarchstr. 18, HP rechts<br>Tram 4 Hufelandstra\u00dfe oder Tram 10 Arnswalder Platz 10407 Berlin<\/p>\n\n\n\n<p><\/p>\n\n\n\n<p><\/p>\n\n\n\n<p><\/p>\n\n\n\n<p><\/p>\n\n\n\n<h2 class=\"has-black-color has-text-color wp-block-heading\">Artbook 2013<\/h2>\n\n\n\n<p>Ank\u00fcndigung einer Buchver\u00f6ffentlichung<\/p>\n\n\n\n<p>bei Sonnenberg-Presse,&nbsp;Kemberg<\/p>\n\n\n\n<p>ein Kunstbuch mit den Titel<\/p>\n\n\n\n<h3 class=\"has-black-color has-text-color wp-block-heading\"><strong>Gr\u00fc\u00dfe durch den Raum<\/strong><\/h3>\n\n\n\n<p>mit Gedichten von <strong>Christine Kahlau<\/strong><\/p>\n\n\n\n<p>Illustriert und produziert von <strong>Andrea Lange<\/strong><\/p>\n\n\n\n<p>erh\u00e4ltlich auf der <a href=\"http:\/\/artbookberlin.blogspot.com\" target=\"_blank\" rel=\"noreferrer noopener\">artbook 2013<\/a><\/p>\n\n\n\n<p>vom 22.11. &#8211; &nbsp;24.11.2013<\/p>\n\n\n\n<p><p style=\"padding-bottom:30%;\">zur\u00fcck zu&nbsp;<a href=\"https:\/\/www.gedankenflug.eu\/wordpress\/?page_id=21\">Archiv<\/a><\/p><\/p>\n","protected":false},"excerpt":{"rendered":"<p>H\u00f6rspiel Teil I&nbsp;Josefine Radmachers Suche nach dem Gl\u00fcck am Montag, den 18.02.2013, um 20.00 Uhr im Radio:&nbsp;www.alex-berlin.de\/radio\/livestreamRadio Alex, Sendereihe 50 plus Ein H\u00f6rspiel von Natalie Fainanach einem unver\u00f6ffentlichten Roman von Hildegard Frank Sprecher:Annette FilitzChristine KahlauMartina-Marie LiertzNadja MesserschmidtMichael RoederFrank SpadeWieland Weber und gemeinsam mit allen Akteuren in der Galerie Fantom e.V., Hektorstra\u00dfe 9\/10, 10711 Berlin(N\u00e4he S-Bhf. [&hellip;]<\/p>\n","protected":false},"author":397,"featured_media":0,"parent":21,"menu_order":8,"comment_status":"open","ping_status":"open","template":"","meta":{"ngg_post_thumbnail":0,"footnotes":""},"class_list":["post-75","page","type-page","status-publish","hentry"],"_links":{"self":[{"href":"https:\/\/www.gedankenflug.eu\/wordpress\/wp-json\/wp\/v2\/pages\/75","targetHints":{"allow":["GET"]}}],"collection":[{"href":"https:\/\/www.gedankenflug.eu\/wordpress\/wp-json\/wp\/v2\/pages"}],"about":[{"href":"https:\/\/www.gedankenflug.eu\/wordpress\/wp-json\/wp\/v2\/types\/page"}],"author":[{"embeddable":true,"href":"https:\/\/www.gedankenflug.eu\/wordpress\/wp-json\/wp\/v2\/users\/397"}],"replies":[{"embeddable":true,"href":"https:\/\/www.gedankenflug.eu\/wordpress\/wp-json\/wp\/v2\/comments?post=75"}],"version-history":[{"count":28,"href":"https:\/\/www.gedankenflug.eu\/wordpress\/wp-json\/wp\/v2\/pages\/75\/revisions"}],"predecessor-version":[{"id":3728,"href":"https:\/\/www.gedankenflug.eu\/wordpress\/wp-json\/wp\/v2\/pages\/75\/revisions\/3728"}],"up":[{"embeddable":true,"href":"https:\/\/www.gedankenflug.eu\/wordpress\/wp-json\/wp\/v2\/pages\/21"}],"wp:attachment":[{"href":"https:\/\/www.gedankenflug.eu\/wordpress\/wp-json\/wp\/v2\/media?parent=75"}],"curies":[{"name":"wp","href":"https:\/\/api.w.org\/{rel}","templated":true}]}}